
{"id":4459,"date":"2015-11-13T09:45:24","date_gmt":"2015-11-13T07:45:24","guid":{"rendered":"https:\/\/dev.visitludza.lv\/%d0%bf%d0%b5%d1%87%d0%b0%d1%82%d0%bd%d1%8b%d0%b5-%d0%b8%d0%b7%d0%b4%d0%b5%d0%bb%d0%b8%d1%8f\/"},"modified":"2015-11-13T09:45:24","modified_gmt":"2015-11-13T07:45:24","slug":"pechatnye-izdeliya","status":"publish","type":"page","link":"https:\/\/visitludza.lv\/ru\/pechatnye-izdeliya\/","title":{"rendered":"\u041f\u0435\u0447\u0430\u0442\u043d\u044b\u0435 \u0438\u0437\u0434\u0435\u043b\u0438\u044f"},"content":{"rendered":"<p><strong>\u0433. 2021<\/strong><\/p>\n<p><a href=\"https:\/\/visitludza.lv\/wp-content\/uploads\/2021\/02\/WWW_Austrumlatvijas_Velo_RUS.pdf\">EiroVelo 11 \u043c\u0430\u0440\u0448\u0440\u0443\u0442 \u043f\u043e \u041b\u0430\u0442\u0433\u0430\u043b\u0438\u0438<\/a><\/p>\n<hr \/>\n<p><a href=\"https:\/\/visitludza.lv\/wp-content\/uploads\/2019\/03\/ludz-nov-karte-2018-LV-RU_21.12..pdf\">L\u016bdzam uz Ludzas novadu! \/\u0414\u043e\u0431\u0440\u043e \u043f\u043e\u0436\u0430\u043b\u043e\u0432\u0430\u0442\u044c \u0432 \u041b\u0443\u0434\u0437\u0435\u043d\u0441\u043a\u0438\u0439 \u043a\u0440\u0430\u0439!<\/a>\u00a0 (2018-2019.\u0433.)<\/p>\n<p>&#8212;-<\/p>\n<p><a href=\"https:\/\/visitludza.lv\/wp-content\/uploads\/2015\/11\/Ludzas-avize-2017-final-1-20.01.17..pdf\">Ludzas novada av\u012bze 2017.g.<\/a><\/p>\n<p><a href=\"https:\/\/visitludza.lv\/wp-content\/uploads\/2015\/11\/Ludzas_novada_avize_2015.g.1.pdf\">Ludzas_novada_avize_2015.g.<\/a><\/p>\n<p><a href=\"https:\/\/visitludza.lv\/wp-content\/uploads\/2015\/11\/Ludzas_novada_karte_2015.g..pdf\">Ludzas_novada_karte_2015.g.<\/a><\/p>\n<p><a href=\"https:\/\/visitludza.lv\/wp-content\/uploads\/2015\/11\/Ludzas_pils--tas_karte_ENG_2015.g..pdf\">Ludzas_pils\u0113tas_karte_ENG_2015.g.<\/a><\/p>\n<p><a href=\"https:\/\/visitludza.lv\/wp-content\/uploads\/2015\/11\/Ludzas_pils--tas_karte_DE_2015.g..pdf\">Ludzas_pils\u0113tas_karte_DE_2015.g.<\/a><\/p>\n<p><a href=\"https:\/\/visitludza.lv\/wp-content\/uploads\/2015\/11\/Ludzas_rajona_karte_LV_2015.pdf\">Ludzas_rajona_karte_LV_2015<\/a><\/p>\n<p>&nbsp;<\/p>\n","protected":false},"excerpt":{"rendered":"<p>\u0433. 2021 EiroVelo 11 \u043c\u0430\u0440\u0448\u0440\u0443\u0442 \u043f\u043e \u041b\u0430\u0442\u0433\u0430\u043b\u0438\u0438 L\u016bdzam uz Ludzas novadu! \/\u0414\u043e\u0431\u0440\u043e \u043f\u043e\u0436\u0430\u043b\u043e\u0432\u0430\u0442\u044c \u0432 \u041b\u0443\u0434\u0437\u0435\u043d\u0441\u043a\u0438\u0439 \u043a\u0440\u0430\u0439!\u00a0 (2018-2019.\u0433.) &#8212;- Ludzas novada av\u012bze 2017.g. Ludzas_novada_avize_2015.g. Ludzas_novada_karte_2015.g. Ludzas_pils\u0113tas_karte_ENG_2015.g. Ludzas_pils\u0113tas_karte_DE_2015.g. Ludzas_rajona_karte_LV_2015 &nbsp;<\/p>\n","protected":false},"author":3,"featured_media":0,"parent":0,"menu_order":0,"comment_status":"closed","ping_status":"closed","template":"","meta":{"inline_featured_image":false,"footnotes":""},"class_list":["post-4459","page","type-page","status-publish","hentry"],"yoast_head":"<!-- This site is optimized with the Yoast SEO plugin v27.3 - https:\/\/yoast.com\/product\/yoast-seo-wordpress\/ -->\n<title>\u041f\u0435\u0447\u0430\u0442\u043d\u044b\u0435 \u0438\u0437\u0434\u0435\u043b\u0438\u044f - Visit Ludza<\/title>\n<meta name=\"robots\" content=\"index, follow, max-snippet:-1, max-image-preview:large, max-video-preview:-1\" \/>\n<link rel=\"canonical\" href=\"https:\/\/visitludza.lv\/ru\/pechatnye-izdeliya\/\" \/>\n<meta property=\"og:locale\" content=\"ru_RU\" \/>\n<meta property=\"og:type\" content=\"article\" \/>\n<meta property=\"og:title\" content=\"\u041f\u0435\u0447\u0430\u0442\u043d\u044b\u0435 \u0438\u0437\u0434\u0435\u043b\u0438\u044f - Visit Ludza\" \/>\n<meta property=\"og:description\" content=\"\u0433. 2021 EiroVelo 11 \u043c\u0430\u0440\u0448\u0440\u0443\u0442 \u043f\u043e \u041b\u0430\u0442\u0433\u0430\u043b\u0438\u0438 L\u016bdzam uz Ludzas novadu! \/\u0414\u043e\u0431\u0440\u043e \u043f\u043e\u0436\u0430\u043b\u043e\u0432\u0430\u0442\u044c \u0432 \u041b\u0443\u0434\u0437\u0435\u043d\u0441\u043a\u0438\u0439 \u043a\u0440\u0430\u0439!\u00a0 (2018-2019.\u0433.) &#8212;- Ludzas novada av\u012bze 2017.g. Ludzas_novada_avize_2015.g. Ludzas_novada_karte_2015.g. Ludzas_pils\u0113tas_karte_ENG_2015.g. Ludzas_pils\u0113tas_karte_DE_2015.g. Ludzas_rajona_karte_LV_2015 &nbsp;\" \/>\n<meta property=\"og:url\" content=\"https:\/\/visitludza.lv\/ru\/pechatnye-izdeliya\/\" \/>\n<meta property=\"og:site_name\" content=\"Visit Ludza\" \/>\n<meta name=\"twitter:card\" content=\"summary_large_image\" \/>\n<script type=\"application\/ld+json\" class=\"yoast-schema-graph\">{\"@context\":\"https:\\\/\\\/schema.org\",\"@graph\":[{\"@type\":\"WebPage\",\"@id\":\"https:\\\/\\\/visitludza.lv\\\/ru\\\/pechatnye-izdeliya\\\/\",\"url\":\"https:\\\/\\\/visitludza.lv\\\/ru\\\/pechatnye-izdeliya\\\/\",\"name\":\"\u041f\u0435\u0447\u0430\u0442\u043d\u044b\u0435 \u0438\u0437\u0434\u0435\u043b\u0438\u044f - Visit Ludza\",\"isPartOf\":{\"@id\":\"https:\\\/\\\/visitludza.lv\\\/ru\\\/#website\"},\"datePublished\":\"2015-11-13T07:45:24+00:00\",\"breadcrumb\":{\"@id\":\"https:\\\/\\\/visitludza.lv\\\/ru\\\/pechatnye-izdeliya\\\/#breadcrumb\"},\"inLanguage\":\"ru-RU\",\"potentialAction\":[{\"@type\":\"ReadAction\",\"target\":[\"https:\\\/\\\/visitludza.lv\\\/ru\\\/pechatnye-izdeliya\\\/\"]}]},{\"@type\":\"BreadcrumbList\",\"@id\":\"https:\\\/\\\/visitludza.lv\\\/ru\\\/pechatnye-izdeliya\\\/#breadcrumb\",\"itemListElement\":[{\"@type\":\"ListItem\",\"position\":1,\"name\":\"\u041d\u0430\u0447\u0430\u043b\u043e\",\"item\":\"https:\\\/\\\/visitludza.lv\\\/ru\\\/\"},{\"@type\":\"ListItem\",\"position\":2,\"name\":\"\u041f\u0435\u0447\u0430\u0442\u043d\u044b\u0435 \u0438\u0437\u0434\u0435\u043b\u0438\u044f\"}]},{\"@type\":\"WebSite\",\"@id\":\"https:\\\/\\\/visitludza.lv\\\/ru\\\/#website\",\"url\":\"https:\\\/\\\/visitludza.lv\\\/ru\\\/\",\"name\":\"Visit Ludza\",\"description\":\"Ludzas novada t\u016brisma port\u0101ls\",\"potentialAction\":[{\"@type\":\"SearchAction\",\"target\":{\"@type\":\"EntryPoint\",\"urlTemplate\":\"https:\\\/\\\/visitludza.lv\\\/ru\\\/?s={search_term_string}\"},\"query-input\":{\"@type\":\"PropertyValueSpecification\",\"valueRequired\":true,\"valueName\":\"search_term_string\"}}],\"inLanguage\":\"ru-RU\"}]}<\/script>\n<!-- \/ Yoast SEO plugin. -->","yoast_head_json":{"title":"\u041f\u0435\u0447\u0430\u0442\u043d\u044b\u0435 \u0438\u0437\u0434\u0435\u043b\u0438\u044f - Visit Ludza","robots":{"index":"index","follow":"follow","max-snippet":"max-snippet:-1","max-image-preview":"max-image-preview:large","max-video-preview":"max-video-preview:-1"},"canonical":"https:\/\/visitludza.lv\/ru\/pechatnye-izdeliya\/","og_locale":"ru_RU","og_type":"article","og_title":"\u041f\u0435\u0447\u0430\u0442\u043d\u044b\u0435 \u0438\u0437\u0434\u0435\u043b\u0438\u044f - Visit Ludza","og_description":"\u0433. 2021 EiroVelo 11 \u043c\u0430\u0440\u0448\u0440\u0443\u0442 \u043f\u043e \u041b\u0430\u0442\u0433\u0430\u043b\u0438\u0438 L\u016bdzam uz Ludzas novadu! \/\u0414\u043e\u0431\u0440\u043e \u043f\u043e\u0436\u0430\u043b\u043e\u0432\u0430\u0442\u044c \u0432 \u041b\u0443\u0434\u0437\u0435\u043d\u0441\u043a\u0438\u0439 \u043a\u0440\u0430\u0439!\u00a0 (2018-2019.\u0433.) &#8212;- Ludzas novada av\u012bze 2017.g. Ludzas_novada_avize_2015.g. Ludzas_novada_karte_2015.g. Ludzas_pils\u0113tas_karte_ENG_2015.g. Ludzas_pils\u0113tas_karte_DE_2015.g. Ludzas_rajona_karte_LV_2015 &nbsp;","og_url":"https:\/\/visitludza.lv\/ru\/pechatnye-izdeliya\/","og_site_name":"Visit Ludza","twitter_card":"summary_large_image","schema":{"@context":"https:\/\/schema.org","@graph":[{"@type":"WebPage","@id":"https:\/\/visitludza.lv\/ru\/pechatnye-izdeliya\/","url":"https:\/\/visitludza.lv\/ru\/pechatnye-izdeliya\/","name":"\u041f\u0435\u0447\u0430\u0442\u043d\u044b\u0435 \u0438\u0437\u0434\u0435\u043b\u0438\u044f - Visit Ludza","isPartOf":{"@id":"https:\/\/visitludza.lv\/ru\/#website"},"datePublished":"2015-11-13T07:45:24+00:00","breadcrumb":{"@id":"https:\/\/visitludza.lv\/ru\/pechatnye-izdeliya\/#breadcrumb"},"inLanguage":"ru-RU","potentialAction":[{"@type":"ReadAction","target":["https:\/\/visitludza.lv\/ru\/pechatnye-izdeliya\/"]}]},{"@type":"BreadcrumbList","@id":"https:\/\/visitludza.lv\/ru\/pechatnye-izdeliya\/#breadcrumb","itemListElement":[{"@type":"ListItem","position":1,"name":"\u041d\u0430\u0447\u0430\u043b\u043e","item":"https:\/\/visitludza.lv\/ru\/"},{"@type":"ListItem","position":2,"name":"\u041f\u0435\u0447\u0430\u0442\u043d\u044b\u0435 \u0438\u0437\u0434\u0435\u043b\u0438\u044f"}]},{"@type":"WebSite","@id":"https:\/\/visitludza.lv\/ru\/#website","url":"https:\/\/visitludza.lv\/ru\/","name":"Visit Ludza","description":"Ludzas novada t\u016brisma port\u0101ls","potentialAction":[{"@type":"SearchAction","target":{"@type":"EntryPoint","urlTemplate":"https:\/\/visitludza.lv\/ru\/?s={search_term_string}"},"query-input":{"@type":"PropertyValueSpecification","valueRequired":true,"valueName":"search_term_string"}}],"inLanguage":"ru-RU"}]}},"_links":{"self":[{"href":"https:\/\/visitludza.lv\/ru\/wp-json\/wp\/v2\/pages\/4459","targetHints":{"allow":["GET"]}}],"collection":[{"href":"https:\/\/visitludza.lv\/ru\/wp-json\/wp\/v2\/pages"}],"about":[{"href":"https:\/\/visitludza.lv\/ru\/wp-json\/wp\/v2\/types\/page"}],"author":[{"embeddable":true,"href":"https:\/\/visitludza.lv\/ru\/wp-json\/wp\/v2\/users\/3"}],"replies":[{"embeddable":true,"href":"https:\/\/visitludza.lv\/ru\/wp-json\/wp\/v2\/comments?post=4459"}],"version-history":[{"count":0,"href":"https:\/\/visitludza.lv\/ru\/wp-json\/wp\/v2\/pages\/4459\/revisions"}],"wp:attachment":[{"href":"https:\/\/visitludza.lv\/ru\/wp-json\/wp\/v2\/media?parent=4459"}],"curies":[{"name":"wp","href":"https:\/\/api.w.org\/{rel}","templated":true}]}}