
{"id":4409,"date":"2015-11-05T16:11:23","date_gmt":"2015-11-05T14:11:23","guid":{"rendered":"https:\/\/dev.visitludza.lv\/%d0%bf%d1%80%d0%be%d1%84%d1%84%d0%b5%d1%81%d0%b8%d0%be%d0%bd%d0%b0%d0%bb%d0%b0%d0%bc\/"},"modified":"2024-04-08T11:15:40","modified_gmt":"2024-04-08T09:15:40","slug":"proffesionalam","status":"publish","type":"page","link":"https:\/\/visitludza.lv\/ru\/proffesionalam\/","title":{"rendered":"\u041f\u0440\u043e\u0444\u0444\u0435\u0441\u0438\u043e\u043d\u0430\u043b\u0430\u043c"},"content":{"rendered":"<p><strong>\u041a\u043e\u043d\u0444\u0435\u0440\u0435\u043d\u0446\u0438\u044f \u043f\u043e \u0442\u0443\u0440\u0438\u0437\u043c\u0443 \u0432 \u041b\u0430\u0442\u0433\u0430\u043b\u0438\u0438, \u043a\u0443\u0440\u0441 \u043e\u0431\u0443\u0447\u0435\u043d\u0438\u044f, \u0433.2016<\/strong><\/p>\n<p><a href=\"https:\/\/visitludza.lv\/wp-content\/uploads\/2016\/10\/1-1.png\">Latgales re\u0123iona t\u016brisma uz\u0146\u0113m\u0113ji papildina zin\u0101\u0161anas un apkopo sezonas rezult\u0101tus<\/a><\/p>\n<p><a href=\"https:\/\/visitludza.lv\/wp-content\/uploads\/2016\/10\/2-1.png\">Latgales t\u016brisma apm\u0101c\u012bbu kurss. M\u0101c\u012bbu programma<\/a><\/p>\n<p><a href=\"https:\/\/visitludza.lv\/wp-content\/uploads\/2016\/10\/3.1.png\">Latgales t\u016brisma konference, 2016.g.<\/a><\/p>\n<p><a href=\"https:\/\/visitludza.lv\/wp-content\/uploads\/2015\/11\/Asociacijas_brauciens_Latgale-UZ\u0145EM\u0112JIEM.doc\">Asoci\u0101cijas brauciens Latgales t\u016brisma uz\u0146\u0113m\u0113jiem<\/a><\/p>\n<p><a href=\"https:\/\/visitludza.lv\/wp-content\/uploads\/2016\/11\/LATGALES-TURISMA-KONFERENCE-2016-relize-1.pdf\">Izskan\u0113ja Latgales t\u016brisma konference, preses rel\u012bze, 05.12.16.<\/a><\/p>\n<p>&nbsp;<\/p>\n<p><strong>\u041f\u0440\u0435\u0437\u0435\u043d\u0442\u0430\u0446\u0438\u0438 \u0441 \u043a\u043e\u043d\u0444\u0435\u0440\u0435\u043d\u0446\u0438\u0438 \u043f\u043e \u0442\u0443\u0440\u0438\u0437\u043c\u0443 \u0432 \u041b\u0430\u0442\u0433\u0430\u043b\u0438\u0438 \u0438 \u043e\u0431\u0443\u0447\u0435\u043d\u0438\u0439.<\/strong><\/p>\n<p><a href=\"https:\/\/visitludza.lv\/wp-content\/uploads\/2016\/11\/Apm\u0101c\u012bbas-Latgal\u0113-19_10_2016_J.Bautra.pdf\">19.10.2016. J.Bautra &#171;Digit\u0101lais saturs komunik\u0101cij\u0101&#187;<\/a><\/p>\n<p><a href=\"https:\/\/visitludza.lv\/wp-content\/uploads\/2015\/11\/Turisma_foto_Dagda_2novembis.pdf\">02.11.2016. A.Tolopilo &#171;Ide\u0101la fotogr\u0101fija t\u016brism\u0101. Pamati.&#187;<\/a><\/p>\n<p>02.12.2016. <a href=\"https:\/\/visitludza.lv\/wp-content\/uploads\/2015\/11\/Ezerzeme-prezentacija.pptx\">L.Kondr\u0101te &#171;K\u0101 mums \u0161ogad veic\u0101s Latgal\u0113&#187;<\/a><\/p>\n<p><a href=\"https:\/\/visitludza.lv\/wp-content\/uploads\/2016\/12\/Latgola_atismis_redziejins_KlepersA_dec2016.pdf\">02.12.2016. Andris Klepers, Dr.geogr. &#171;Latgale k\u0101 t\u016brisma galam\u0113r\u0137is n\u0101kotn\u0113. Tendences un perspekt\u012bvas.<\/a><\/p>\n<p>02.12.2016. <a href=\"https:\/\/visitludza.lv\/wp-content\/uploads\/2015\/11\/Ezerzeme-prezentacija.pptx\">Apbalvo\u0161ana<\/a><\/p>\n<p>&nbsp;<\/p>\n<p><strong>\u041a\u043e\u043d\u0444\u0435\u0440\u0435\u043d\u0446\u0438\u044f \u043f\u043e \u0442\u0443\u0440\u0438\u0437\u043c\u0443 \u0432 \u041b\u0430\u0442\u0433\u0430\u043b\u0438\u0438, \u0433. 2015<\/strong><\/p>\n<p><a href=\"http:\/\/visitludza.lv\/news\/latgales-turisma-konference-kvalitate-latgales-turisma-svarigs-faktors-konkuretspejiga-galamerka-attistiba\/\">Latgales t\u016brisma konference \u201eKvalit\u0101te Latgales t\u016brism\u0101 \u2013 svar\u012bgs faktors konkur\u0113tsp\u0113j\u012bga galam\u0113r\u0137a att\u012bst\u012bb\u0101\u201d. Programma, 26.11.2015.<\/a><\/p>\n<p><a href=\"http:\/\/visitludza.lv\/news\/latgales-turisma-konference-iezime-jaunus-nozares-attistibas-virzienus-un-apbalvo-labakos\/\">Latgales t\u016brisma konference. Preses rel\u012bze.<\/a><\/p>\n<p><a href=\"https:\/\/visitludza.lv\/wp-content\/uploads\/2015\/11\/REZOLUCIJA-Konference-26_11_2015.docx\">REZOLUCIJA Konference 26_11_2015<\/a><\/p>\n<p>&nbsp;<\/p>\n<p><strong>\u041f\u0440\u0435\u0437\u0435\u043d\u0442\u0430\u0446\u0438\u0438 \u0441 \u043a\u043e\u043d\u0444\u0435\u0440\u0435\u043d\u0446\u0438\u0438 \u043f\u043e \u0442\u0443\u0440\u0438\u0437\u043c\u0443 \u0432 \u041b\u0430\u0442\u0433\u0430\u043b\u0438\u0438 \u0438 \u043e\u0431\u0443\u0447\u0435\u043d\u0438\u0439.<\/strong><\/p>\n<p><a href=\"https:\/\/visitludza.lv\/wp-content\/uploads\/2015\/11\/Ezerzeme_L--ga-Kondr--te.pptx\">Ezerzeme_L\u012bga Kondr\u0101te<\/a><\/p>\n<p><a href=\"https:\/\/visitludza.lv\/wp-content\/uploads\/2015\/11\/Fonds_1836.pptx\">Fonds_1836<\/a><\/p>\n<p><a href=\"https:\/\/visitludza.lv\/wp-content\/uploads\/2015\/11\/Kvalitat--va-t--risma-inform--cijas-pasnieg--ana.pptx\">Kvalitat\u012bva t\u016brisma inform\u0101cijas pasnieg\u0161ana<\/a><\/p>\n<p><a href=\"https:\/\/visitludza.lv\/wp-content\/uploads\/2015\/11\/Labsaj--ta-viesm--l--b--_Provejs.pptx\">Labsaj\u016bta viesm\u012bl\u012bb\u0101_Provejs<\/a><\/p>\n<p><a href=\"https:\/\/visitludza.lv\/wp-content\/uploads\/2015\/11\/LPR_Iveta-Ma--ina-Tab--ne.pptx\">LPR_Iveta Ma\u013cina- Tab\u016bne<\/a><\/p>\n<p><a href=\"https:\/\/visitludza.lv\/wp-content\/uploads\/2015\/11\/Nor--des-z--mes_M--ris-Za--aiskalns.pptx\">Nor\u0101des z\u012bmes_M\u0101ris Za\u013caiskalns<\/a><\/p>\n<p><a href=\"https:\/\/visitludza.lv\/wp-content\/uploads\/2015\/11\/Preses-rel--zes-rakst----ana_Kozlovska.pdf\">Preses rel\u012bzes rakst\u012b\u0161ana_Kozlovska<\/a><\/p>\n<p><a href=\"https:\/\/visitludza.lv\/wp-content\/uploads\/2015\/11\/Probl--mas-Latgales-re--iona-t--rism--_Aija-van-der---teina.pptx\">Probl\u0113mas Latgales re\u0123iona t\u016brism\u0101_Aija van der \u0160teina<\/a><\/p>\n<p><a href=\"https:\/\/visitludza.lv\/wp-content\/uploads\/2015\/11\/Rezekne_kopa_Sma--inskis.pptx\">Rezekne_kopa_Sma\u013cinskis<\/a><\/p>\n<p><a href=\"https:\/\/visitludza.lv\/wp-content\/uploads\/2015\/11\/Uz----m--ja-un-klienta-mijiedarb--ba_Rezgale.pptx\">Uz\u0146\u0113m\u0113ja un klienta mijiedarb\u012bba_Rezgale <\/a><\/p>\n<p><a href=\"https:\/\/visitludza.lv\/wp-content\/uploads\/2015\/11\/VARAM.pptx\">VARAM<\/a><\/p>\n<p>&nbsp;<\/p>\n<p>Inovat\u012bv\u0101kais t\u016brisma produkts 2015<\/p>\n<p>(bild\u0113 no kreis\u0101s- L\u012bga Kondr\u0101te, Ludzas novada T\u016brisma inform\u0101cijas centra vad\u012bt\u0101ja, Al\u012bna Gendele, Ludzas novada domes priek\u0161s\u0113d\u0113t\u0101ja)<\/p>\n<p><a href=\"https:\/\/visitludza.lv\/wp-content\/uploads\/2015\/11\/inovativakais-prod-2015-500x375.jpg\"><img fetchpriority=\"high\" decoding=\"async\" width=\"500\" height=\"375\" class=\"alignnone size-medium wp-image-4426\" src=\"https:\/\/visitludza.lv\/wp-content\/uploads\/2015\/11\/inovativakais-prod-2015-500x375.jpg\" alt=\"inovativakais-prod-2015\" srcset=\"https:\/\/visitludza.lv\/wp-content\/uploads\/2015\/11\/inovativakais-prod-2015-500x375.jpg 500w, https:\/\/visitludza.lv\/wp-content\/uploads\/2015\/11\/inovativakais-prod-2015-768x576.jpg 768w, https:\/\/visitludza.lv\/wp-content\/uploads\/2015\/11\/inovativakais-prod-2015-300x225.jpg 300w, https:\/\/visitludza.lv\/wp-content\/uploads\/2015\/11\/inovativakais-prod-2015-1024x768.jpg 1024w, https:\/\/visitludza.lv\/wp-content\/uploads\/2015\/11\/inovativakais-prod-2015-250x188.jpg 250w, https:\/\/visitludza.lv\/wp-content\/uploads\/2015\/11\/inovativakais-prod-2015.jpg 1500w\" sizes=\"(max-width: 500px) 100vw, 500px\" \/><\/a><\/p>\n","protected":false},"excerpt":{"rendered":"<p>\u041a\u043e\u043d\u0444\u0435\u0440\u0435\u043d\u0446\u0438\u044f \u043f\u043e \u0442\u0443\u0440\u0438\u0437\u043c\u0443 \u0432 \u041b\u0430\u0442\u0433\u0430\u043b\u0438\u0438, \u043a\u0443\u0440\u0441 \u043e\u0431\u0443\u0447\u0435\u043d\u0438\u044f, \u0433.2016 Latgales re\u0123iona t\u016brisma uz\u0146\u0113m\u0113ji papildina zin\u0101\u0161anas un apkopo sezonas rezult\u0101tus Latgales t\u016brisma apm\u0101c\u012bbu kurss. M\u0101c\u012bbu programma Latgales t\u016brisma konference, 2016.g. Asoci\u0101cijas brauciens &#8230;<\/p>\n","protected":false},"author":3,"featured_media":0,"parent":0,"menu_order":0,"comment_status":"closed","ping_status":"closed","template":"","meta":{"inline_featured_image":false,"footnotes":""},"class_list":["post-4409","page","type-page","status-publish","hentry"],"yoast_head":"<!-- This site is optimized with the Yoast SEO plugin v27.6 - https:\/\/yoast.com\/product\/yoast-seo-wordpress\/ -->\n<title>\u041f\u0440\u043e\u0444\u0444\u0435\u0441\u0438\u043e\u043d\u0430\u043b\u0430\u043c - Visit Ludza<\/title>\n<meta name=\"robots\" content=\"index, follow, max-snippet:-1, max-image-preview:large, max-video-preview:-1\" \/>\n<link rel=\"canonical\" href=\"https:\/\/visitludza.lv\/ru\/proffesionalam\/\" \/>\n<meta property=\"og:locale\" content=\"ru_RU\" \/>\n<meta property=\"og:type\" content=\"article\" \/>\n<meta property=\"og:title\" content=\"\u041f\u0440\u043e\u0444\u0444\u0435\u0441\u0438\u043e\u043d\u0430\u043b\u0430\u043c - Visit Ludza\" \/>\n<meta property=\"og:description\" content=\"\u041a\u043e\u043d\u0444\u0435\u0440\u0435\u043d\u0446\u0438\u044f \u043f\u043e \u0442\u0443\u0440\u0438\u0437\u043c\u0443 \u0432 \u041b\u0430\u0442\u0433\u0430\u043b\u0438\u0438, \u043a\u0443\u0440\u0441 \u043e\u0431\u0443\u0447\u0435\u043d\u0438\u044f, \u0433.2016 Latgales re\u0123iona t\u016brisma uz\u0146\u0113m\u0113ji papildina zin\u0101\u0161anas un apkopo sezonas rezult\u0101tus Latgales t\u016brisma apm\u0101c\u012bbu kurss. M\u0101c\u012bbu programma Latgales t\u016brisma konference, 2016.g. Asoci\u0101cijas brauciens ...\" \/>\n<meta property=\"og:url\" content=\"https:\/\/visitludza.lv\/ru\/proffesionalam\/\" \/>\n<meta property=\"og:site_name\" content=\"Visit Ludza\" \/>\n<meta property=\"article:modified_time\" content=\"2024-04-08T09:15:40+00:00\" \/>\n<meta property=\"og:image\" content=\"https:\/\/visitludza.lv\/wp-content\/uploads\/2015\/11\/inovativakais-prod-2015-500x375.jpg\" \/>\n<meta name=\"twitter:card\" content=\"summary_large_image\" \/>\n<meta name=\"twitter:label1\" content=\"\u041f\u0440\u0438\u043c\u0435\u0440\u043d\u043e\u0435 \u0432\u0440\u0435\u043c\u044f \u0434\u043b\u044f \u0447\u0442\u0435\u043d\u0438\u044f\" \/>\n\t<meta name=\"twitter:data1\" content=\"2 \u043c\u0438\u043d\u0443\u0442\u044b\" \/>\n<script type=\"application\/ld+json\" class=\"yoast-schema-graph\">{\"@context\":\"https:\\\/\\\/schema.org\",\"@graph\":[{\"@type\":\"WebPage\",\"@id\":\"https:\\\/\\\/visitludza.lv\\\/ru\\\/proffesionalam\\\/\",\"url\":\"https:\\\/\\\/visitludza.lv\\\/ru\\\/proffesionalam\\\/\",\"name\":\"\u041f\u0440\u043e\u0444\u0444\u0435\u0441\u0438\u043e\u043d\u0430\u043b\u0430\u043c - Visit Ludza\",\"isPartOf\":{\"@id\":\"https:\\\/\\\/visitludza.lv\\\/ru\\\/#website\"},\"primaryImageOfPage\":{\"@id\":\"https:\\\/\\\/visitludza.lv\\\/ru\\\/proffesionalam\\\/#primaryimage\"},\"image\":{\"@id\":\"https:\\\/\\\/visitludza.lv\\\/ru\\\/proffesionalam\\\/#primaryimage\"},\"thumbnailUrl\":\"https:\\\/\\\/visitludza.lv\\\/wp-content\\\/uploads\\\/2015\\\/11\\\/inovativakais-prod-2015-500x375.jpg\",\"datePublished\":\"2015-11-05T14:11:23+00:00\",\"dateModified\":\"2024-04-08T09:15:40+00:00\",\"breadcrumb\":{\"@id\":\"https:\\\/\\\/visitludza.lv\\\/ru\\\/proffesionalam\\\/#breadcrumb\"},\"inLanguage\":\"ru-RU\",\"potentialAction\":[{\"@type\":\"ReadAction\",\"target\":[\"https:\\\/\\\/visitludza.lv\\\/ru\\\/proffesionalam\\\/\"]}]},{\"@type\":\"ImageObject\",\"inLanguage\":\"ru-RU\",\"@id\":\"https:\\\/\\\/visitludza.lv\\\/ru\\\/proffesionalam\\\/#primaryimage\",\"url\":\"https:\\\/\\\/visitludza.lv\\\/wp-content\\\/uploads\\\/2015\\\/11\\\/inovativakais-prod-2015-500x375.jpg\",\"contentUrl\":\"https:\\\/\\\/visitludza.lv\\\/wp-content\\\/uploads\\\/2015\\\/11\\\/inovativakais-prod-2015-500x375.jpg\"},{\"@type\":\"BreadcrumbList\",\"@id\":\"https:\\\/\\\/visitludza.lv\\\/ru\\\/proffesionalam\\\/#breadcrumb\",\"itemListElement\":[{\"@type\":\"ListItem\",\"position\":1,\"name\":\"\u041d\u0430\u0447\u0430\u043b\u043e\",\"item\":\"https:\\\/\\\/visitludza.lv\\\/ru\\\/\"},{\"@type\":\"ListItem\",\"position\":2,\"name\":\"\u041f\u0440\u043e\u0444\u0444\u0435\u0441\u0438\u043e\u043d\u0430\u043b\u0430\u043c\"}]},{\"@type\":\"WebSite\",\"@id\":\"https:\\\/\\\/visitludza.lv\\\/ru\\\/#website\",\"url\":\"https:\\\/\\\/visitludza.lv\\\/ru\\\/\",\"name\":\"Visit Ludza\",\"description\":\"Ludzas novada t\u016brisma port\u0101ls\",\"potentialAction\":[{\"@type\":\"SearchAction\",\"target\":{\"@type\":\"EntryPoint\",\"urlTemplate\":\"https:\\\/\\\/visitludza.lv\\\/ru\\\/?s={search_term_string}\"},\"query-input\":{\"@type\":\"PropertyValueSpecification\",\"valueRequired\":true,\"valueName\":\"search_term_string\"}}],\"inLanguage\":\"ru-RU\"}]}<\/script>\n<!-- \/ Yoast SEO plugin. -->","yoast_head_json":{"title":"\u041f\u0440\u043e\u0444\u0444\u0435\u0441\u0438\u043e\u043d\u0430\u043b\u0430\u043c - Visit Ludza","robots":{"index":"index","follow":"follow","max-snippet":"max-snippet:-1","max-image-preview":"max-image-preview:large","max-video-preview":"max-video-preview:-1"},"canonical":"https:\/\/visitludza.lv\/ru\/proffesionalam\/","og_locale":"ru_RU","og_type":"article","og_title":"\u041f\u0440\u043e\u0444\u0444\u0435\u0441\u0438\u043e\u043d\u0430\u043b\u0430\u043c - Visit Ludza","og_description":"\u041a\u043e\u043d\u0444\u0435\u0440\u0435\u043d\u0446\u0438\u044f \u043f\u043e \u0442\u0443\u0440\u0438\u0437\u043c\u0443 \u0432 \u041b\u0430\u0442\u0433\u0430\u043b\u0438\u0438, \u043a\u0443\u0440\u0441 \u043e\u0431\u0443\u0447\u0435\u043d\u0438\u044f, \u0433.2016 Latgales re\u0123iona t\u016brisma uz\u0146\u0113m\u0113ji papildina zin\u0101\u0161anas un apkopo sezonas rezult\u0101tus Latgales t\u016brisma apm\u0101c\u012bbu kurss. M\u0101c\u012bbu programma Latgales t\u016brisma konference, 2016.g. Asoci\u0101cijas brauciens ...","og_url":"https:\/\/visitludza.lv\/ru\/proffesionalam\/","og_site_name":"Visit Ludza","article_modified_time":"2024-04-08T09:15:40+00:00","og_image":[{"url":"https:\/\/visitludza.lv\/wp-content\/uploads\/2015\/11\/inovativakais-prod-2015-500x375.jpg","type":"","width":"","height":""}],"twitter_card":"summary_large_image","twitter_misc":{"\u041f\u0440\u0438\u043c\u0435\u0440\u043d\u043e\u0435 \u0432\u0440\u0435\u043c\u044f \u0434\u043b\u044f \u0447\u0442\u0435\u043d\u0438\u044f":"2 \u043c\u0438\u043d\u0443\u0442\u044b"},"schema":{"@context":"https:\/\/schema.org","@graph":[{"@type":"WebPage","@id":"https:\/\/visitludza.lv\/ru\/proffesionalam\/","url":"https:\/\/visitludza.lv\/ru\/proffesionalam\/","name":"\u041f\u0440\u043e\u0444\u0444\u0435\u0441\u0438\u043e\u043d\u0430\u043b\u0430\u043c - Visit Ludza","isPartOf":{"@id":"https:\/\/visitludza.lv\/ru\/#website"},"primaryImageOfPage":{"@id":"https:\/\/visitludza.lv\/ru\/proffesionalam\/#primaryimage"},"image":{"@id":"https:\/\/visitludza.lv\/ru\/proffesionalam\/#primaryimage"},"thumbnailUrl":"https:\/\/visitludza.lv\/wp-content\/uploads\/2015\/11\/inovativakais-prod-2015-500x375.jpg","datePublished":"2015-11-05T14:11:23+00:00","dateModified":"2024-04-08T09:15:40+00:00","breadcrumb":{"@id":"https:\/\/visitludza.lv\/ru\/proffesionalam\/#breadcrumb"},"inLanguage":"ru-RU","potentialAction":[{"@type":"ReadAction","target":["https:\/\/visitludza.lv\/ru\/proffesionalam\/"]}]},{"@type":"ImageObject","inLanguage":"ru-RU","@id":"https:\/\/visitludza.lv\/ru\/proffesionalam\/#primaryimage","url":"https:\/\/visitludza.lv\/wp-content\/uploads\/2015\/11\/inovativakais-prod-2015-500x375.jpg","contentUrl":"https:\/\/visitludza.lv\/wp-content\/uploads\/2015\/11\/inovativakais-prod-2015-500x375.jpg"},{"@type":"BreadcrumbList","@id":"https:\/\/visitludza.lv\/ru\/proffesionalam\/#breadcrumb","itemListElement":[{"@type":"ListItem","position":1,"name":"\u041d\u0430\u0447\u0430\u043b\u043e","item":"https:\/\/visitludza.lv\/ru\/"},{"@type":"ListItem","position":2,"name":"\u041f\u0440\u043e\u0444\u0444\u0435\u0441\u0438\u043e\u043d\u0430\u043b\u0430\u043c"}]},{"@type":"WebSite","@id":"https:\/\/visitludza.lv\/ru\/#website","url":"https:\/\/visitludza.lv\/ru\/","name":"Visit Ludza","description":"Ludzas novada t\u016brisma port\u0101ls","potentialAction":[{"@type":"SearchAction","target":{"@type":"EntryPoint","urlTemplate":"https:\/\/visitludza.lv\/ru\/?s={search_term_string}"},"query-input":{"@type":"PropertyValueSpecification","valueRequired":true,"valueName":"search_term_string"}}],"inLanguage":"ru-RU"}]}},"_links":{"self":[{"href":"https:\/\/visitludza.lv\/ru\/wp-json\/wp\/v2\/pages\/4409","targetHints":{"allow":["GET"]}}],"collection":[{"href":"https:\/\/visitludza.lv\/ru\/wp-json\/wp\/v2\/pages"}],"about":[{"href":"https:\/\/visitludza.lv\/ru\/wp-json\/wp\/v2\/types\/page"}],"author":[{"embeddable":true,"href":"https:\/\/visitludza.lv\/ru\/wp-json\/wp\/v2\/users\/3"}],"replies":[{"embeddable":true,"href":"https:\/\/visitludza.lv\/ru\/wp-json\/wp\/v2\/comments?post=4409"}],"version-history":[{"count":0,"href":"https:\/\/visitludza.lv\/ru\/wp-json\/wp\/v2\/pages\/4409\/revisions"}],"wp:attachment":[{"href":"https:\/\/visitludza.lv\/ru\/wp-json\/wp\/v2\/media?parent=4409"}],"curies":[{"name":"wp","href":"https:\/\/api.w.org\/{rel}","templated":true}]}}