
{"id":14274,"date":"2015-10-02T08:48:23","date_gmt":"2015-10-02T06:48:23","guid":{"rendered":"https:\/\/visitludza.lv\/?page_id=14274"},"modified":"2025-09-02T15:06:51","modified_gmt":"2025-09-02T13:06:51","slug":"ludzos-savivaldybes-turizmo-centras","status":"publish","type":"page","link":"https:\/\/visitludza.lv\/lt\/ludzos-savivaldybes-turizmo-centras\/","title":{"rendered":"Ludzos savivaldyb\u0117s turizmo centras"},"content":{"rendered":"\t\t<div data-elementor-type=\"wp-page\" data-elementor-id=\"14274\" class=\"elementor elementor-14274 elementor-20\" data-elementor-post-type=\"page\">\n\t\t\t\t\t\t<section class=\"elementor-section elementor-top-section elementor-element elementor-element-c6e444b elementor-section-boxed elementor-section-height-default elementor-section-height-default\" data-id=\"c6e444b\" data-element_type=\"section\" data-e-type=\"section\">\n\t\t\t\t\t\t<div class=\"elementor-container elementor-column-gap-default\">\n\t\t\t\t\t<div class=\"elementor-column elementor-col-100 elementor-top-column elementor-element elementor-element-084cd1d\" data-id=\"084cd1d\" data-element_type=\"column\" data-e-type=\"column\">\n\t\t\t<div class=\"elementor-widget-wrap elementor-element-populated\">\n\t\t\t\t\t\t<div class=\"elementor-element elementor-element-6a7a314 elementor-widget elementor-widget-heading\" data-id=\"6a7a314\" data-element_type=\"widget\" data-e-type=\"widget\" data-widget_type=\"heading.default\">\n\t\t\t\t<div class=\"elementor-widget-container\">\n\t\t\t\t\t<h1 class=\"elementor-heading-title elementor-size-default\">Ludzos savivaldyb\u0117s turizmo centras<\/h1>\t\t\t\t<\/div>\n\t\t\t\t<\/div>\n\t\t\t\t\t<\/div>\n\t\t<\/div>\n\t\t\t\t\t<\/div>\n\t\t<\/section>\n\t\t\t\t<section class=\"elementor-section elementor-top-section elementor-element elementor-element-205eb06 elementor-section-boxed elementor-section-height-default elementor-section-height-default\" data-id=\"205eb06\" data-element_type=\"section\" data-e-type=\"section\">\n\t\t\t\t\t\t<div class=\"elementor-container elementor-column-gap-default\">\n\t\t\t\t\t<div class=\"elementor-column elementor-col-100 elementor-top-column elementor-element elementor-element-58ce3b3\" data-id=\"58ce3b3\" data-element_type=\"column\" data-e-type=\"column\" data-settings=\"{&quot;background_background&quot;:&quot;classic&quot;}\">\n\t\t\t<div class=\"elementor-widget-wrap elementor-element-populated\">\n\t\t\t\t\t\t<div class=\"elementor-element elementor-element-1c3f332 elementor-widget elementor-widget-image\" data-id=\"1c3f332\" data-element_type=\"widget\" data-e-type=\"widget\" data-widget_type=\"image.default\">\n\t\t\t\t<div class=\"elementor-widget-container\">\n\t\t\t\t\t\t\t\t\t\t\t\t\t\t\t<img fetchpriority=\"high\" decoding=\"async\" width=\"1536\" height=\"864\" src=\"https:\/\/visitludza.lv\/wp-content\/uploads\/2025\/06\/img_4579-1-1536x864.jpg\" class=\"attachment-1536x1536 size-1536x1536 wp-image-17362\" alt=\"\" \/>\t\t\t\t\t\t\t\t\t\t\t\t\t\t\t<\/div>\n\t\t\t\t<\/div>\n\t\t\t\t\t<\/div>\n\t\t<\/div>\n\t\t\t\t\t<\/div>\n\t\t<\/section>\n\t\t\t\t<section class=\"elementor-section elementor-top-section elementor-element elementor-element-1107368f elementor-section-boxed elementor-section-height-default elementor-section-height-default\" data-id=\"1107368f\" data-element_type=\"section\" data-e-type=\"section\">\n\t\t\t\t\t\t<div class=\"elementor-container elementor-column-gap-default\">\n\t\t\t\t\t<div class=\"elementor-column elementor-col-50 elementor-top-column elementor-element elementor-element-6895e6f8\" data-id=\"6895e6f8\" data-element_type=\"column\" data-e-type=\"column\">\n\t\t\t<div class=\"elementor-widget-wrap elementor-element-populated\">\n\t\t\t\t\t\t<div class=\"elementor-element elementor-element-33001fb elementor-widget elementor-widget-heading\" data-id=\"33001fb\" data-element_type=\"widget\" data-e-type=\"widget\" data-widget_type=\"heading.default\">\n\t\t\t\t<div class=\"elementor-widget-container\">\n\t\t\t\t\t<h2 class=\"elementor-heading-title elementor-size-default\">Darbo laikas:<\/h2>\t\t\t\t<\/div>\n\t\t\t\t<\/div>\n\t\t\t\t<div class=\"elementor-element elementor-element-c2acab3 elementor-widget elementor-widget-text-editor\" data-id=\"c2acab3\" data-element_type=\"widget\" data-e-type=\"widget\" data-widget_type=\"text-editor.default\">\n\t\t\t\t<div class=\"elementor-widget-container\">\n\t\t\t\t\t\t\t\t\t<p><strong>Pirmadienis &#8211; penktadienis<\/strong> 8:00-17:00 val.<br \/><strong>\u0160e\u0161tadienis \u2013 <\/strong>nedarbo dienos<br \/><strong>Sekmadienis<\/strong> \u2013 nedarbo dienos<\/p>\t\t\t\t\t\t\t\t<\/div>\n\t\t\t\t<\/div>\n\t\t\t\t<div class=\"elementor-element elementor-element-c4dc3cb elementor-widget elementor-widget-heading\" data-id=\"c4dc3cb\" data-element_type=\"widget\" data-e-type=\"widget\" data-widget_type=\"heading.default\">\n\t\t\t\t<div class=\"elementor-widget-container\">\n\t\t\t\t\t<h2 class=\"elementor-heading-title elementor-size-default\">Kontaktai<\/h2>\t\t\t\t<\/div>\n\t\t\t\t<\/div>\n\t\t\t\t<div class=\"elementor-element elementor-element-89d82ce elementor-icon-list--layout-traditional elementor-list-item-link-full_width elementor-widget elementor-widget-icon-list\" data-id=\"89d82ce\" data-element_type=\"widget\" data-e-type=\"widget\" data-widget_type=\"icon-list.default\">\n\t\t\t\t<div class=\"elementor-widget-container\">\n\t\t\t\t\t\t\t<ul class=\"elementor-icon-list-items\">\n\t\t\t\t\t\t\t<li class=\"elementor-icon-list-item\">\n\t\t\t\t\t\t\t\t\t\t\t<span class=\"elementor-icon-list-icon\">\n\t\t\t\t\t\t\t<i aria-hidden=\"true\" class=\"fas fa-map-marker-alt\"><\/i>\t\t\t\t\t\t<\/span>\n\t\t\t\t\t\t\t\t\t\t<span class=\"elementor-icon-list-text\">Bazn\u012bcas iela 42, Ludza, LV-5701<\/span>\n\t\t\t\t\t\t\t\t\t<\/li>\n\t\t\t\t\t\t\t\t<li class=\"elementor-icon-list-item\">\n\t\t\t\t\t\t\t\t\t\t\t<span class=\"elementor-icon-list-icon\">\n\t\t\t\t\t\t\t<i aria-hidden=\"true\" class=\"fas fa-phone-alt\"><\/i>\t\t\t\t\t\t<\/span>\n\t\t\t\t\t\t\t\t\t\t<span class=\"elementor-icon-list-text\">+371 65707203<\/span>\n\t\t\t\t\t\t\t\t\t<\/li>\n\t\t\t\t\t\t\t\t<li class=\"elementor-icon-list-item\">\n\t\t\t\t\t\t\t\t\t\t\t<span class=\"elementor-icon-list-icon\">\n\t\t\t\t\t\t\t<i aria-hidden=\"true\" class=\"fas fa-mobile-alt\"><\/i>\t\t\t\t\t\t<\/span>\n\t\t\t\t\t\t\t\t\t\t<span class=\"elementor-icon-list-text\">+371 29327265<\/span>\n\t\t\t\t\t\t\t\t\t<\/li>\n\t\t\t\t\t\t\t\t<li class=\"elementor-icon-list-item\">\n\t\t\t\t\t\t\t\t\t\t\t<span class=\"elementor-icon-list-icon\">\n\t\t\t\t\t\t\t<i aria-hidden=\"true\" class=\"far fa-envelope\"><\/i>\t\t\t\t\t\t<\/span>\n\t\t\t\t\t\t\t\t\t\t<span class=\"elementor-icon-list-text\">tic@ludzasnovads.lv<\/span>\n\t\t\t\t\t\t\t\t\t<\/li>\n\t\t\t\t\t\t\t\t<li class=\"elementor-icon-list-item\">\n\t\t\t\t\t\t\t\t\t\t\t<a href=\"https:\/\/visitludza.lv\">\n\n\t\t\t\t\t\t\t\t\t\t\t\t<span class=\"elementor-icon-list-icon\">\n\t\t\t\t\t\t\t<i aria-hidden=\"true\" class=\"fas fa-link\"><\/i>\t\t\t\t\t\t<\/span>\n\t\t\t\t\t\t\t\t\t\t<span class=\"elementor-icon-list-text\">visitludza.lv<\/span>\n\t\t\t\t\t\t\t\t\t\t\t<\/a>\n\t\t\t\t\t\t\t\t\t<\/li>\n\t\t\t\t\t\t\t\t<li class=\"elementor-icon-list-item\">\n\t\t\t\t\t\t\t\t\t\t\t<span class=\"elementor-icon-list-icon\">\n\t\t\t\t\t\t\t<i aria-hidden=\"true\" class=\"fab fa-instagram\"><\/i>\t\t\t\t\t\t<\/span>\n\t\t\t\t\t\t\t\t\t\t<span class=\"elementor-icon-list-text\">ludzas_tic<\/span>\n\t\t\t\t\t\t\t\t\t<\/li>\n\t\t\t\t\t\t\t\t<li class=\"elementor-icon-list-item\">\n\t\t\t\t\t\t\t\t\t\t\t<span class=\"elementor-icon-list-icon\">\n\t\t\t\t\t\t\t<i aria-hidden=\"true\" class=\"fab fa-facebook\"><\/i>\t\t\t\t\t\t<\/span>\n\t\t\t\t\t\t\t\t\t\t<span class=\"elementor-icon-list-text\"><span dir=\"auto\"><span>LudzasTIC<\/span><\/span><\/span>\n\t\t\t\t\t\t\t\t\t<\/li>\n\t\t\t\t\t\t<\/ul>\n\t\t\t\t\t\t<\/div>\n\t\t\t\t<\/div>\n\t\t\t\t\t<\/div>\n\t\t<\/div>\n\t\t\t\t<div class=\"elementor-column elementor-col-50 elementor-top-column elementor-element elementor-element-58da7f7\" data-id=\"58da7f7\" data-element_type=\"column\" data-e-type=\"column\">\n\t\t\t<div class=\"elementor-widget-wrap elementor-element-populated\">\n\t\t\t\t\t\t<div class=\"elementor-element elementor-element-261096f elementor-widget elementor-widget-heading\" data-id=\"261096f\" data-element_type=\"widget\" data-e-type=\"widget\" data-widget_type=\"heading.default\">\n\t\t\t\t<div class=\"elementor-widget-container\">\n\t\t\t\t\t<h2 class=\"elementor-heading-title elementor-size-default\">Paslaugos:<\/h2>\t\t\t\t<\/div>\n\t\t\t\t<\/div>\n\t\t\t\t<div class=\"elementor-element elementor-element-367d42f elementor-icon-list--layout-traditional elementor-list-item-link-full_width elementor-widget elementor-widget-icon-list\" data-id=\"367d42f\" data-element_type=\"widget\" data-e-type=\"widget\" data-widget_type=\"icon-list.default\">\n\t\t\t\t<div class=\"elementor-widget-container\">\n\t\t\t\t\t\t\t<ul class=\"elementor-icon-list-items\">\n\t\t\t\t\t\t\t<li class=\"elementor-icon-list-item\">\n\t\t\t\t\t\t\t\t\t\t\t<span class=\"elementor-icon-list-icon\">\n\t\t\t\t\t\t\t<i aria-hidden=\"true\" class=\"fas fa-check\"><\/i>\t\t\t\t\t\t<\/span>\n\t\t\t\t\t\t\t\t\t\t<span class=\"elementor-icon-list-text\">Ludzos savivaldyb\u0117s turizmo informacija;<\/span>\n\t\t\t\t\t\t\t\t\t<\/li>\n\t\t\t\t\t\t\t\t<li class=\"elementor-icon-list-item\">\n\t\t\t\t\t\t\t\t\t\t\t<span class=\"elementor-icon-list-icon\">\n\t\t\t\t\t\t\t<i aria-hidden=\"true\" class=\"fas fa-check\"><\/i>\t\t\t\t\t\t<\/span>\n\t\t\t\t\t\t\t\t\t\t<span class=\"elementor-icon-list-text\">Kit\u0173 Latvijos savivaldybi\u0173 turizmo informacijos bukletai;<\/span>\n\t\t\t\t\t\t\t\t\t<\/li>\n\t\t\t\t\t\t\t\t<li class=\"elementor-icon-list-item\">\n\t\t\t\t\t\t\t\t\t\t\t<span class=\"elementor-icon-list-icon\">\n\t\t\t\t\t\t\t<i aria-hidden=\"true\" class=\"fas fa-check\"><\/i>\t\t\t\t\t\t<\/span>\n\t\t\t\t\t\t\t\t\t\t<span class=\"elementor-icon-list-text\">Grupini\u0173 ir individuali\u0173 mar\u0161rut\u0173 parengimas;<\/span>\n\t\t\t\t\t\t\t\t\t<\/li>\n\t\t\t\t\t\t\t\t<li class=\"elementor-icon-list-item\">\n\t\t\t\t\t\t\t\t\t\t\t<span class=\"elementor-icon-list-icon\">\n\t\t\t\t\t\t\t<i aria-hidden=\"true\" class=\"fas fa-check\"><\/i>\t\t\t\t\t\t<\/span>\n\t\t\t\t\t\t\t\t\t\t<span class=\"elementor-icon-list-text\">Aktyvaus poilsio ir rengini\u0173 organizavimas;<\/span>\n\t\t\t\t\t\t\t\t\t<\/li>\n\t\t\t\t\t\t\t\t<li class=\"elementor-icon-list-item\">\n\t\t\t\t\t\t\t\t\t\t\t<span class=\"elementor-icon-list-icon\">\n\t\t\t\t\t\t\t<i aria-hidden=\"true\" class=\"fas fa-check\"><\/i>\t\t\t\t\t\t<\/span>\n\t\t\t\t\t\t\t\t\t\t<span class=\"elementor-icon-list-text\">Interneto prieiga.<\/span>\n\t\t\t\t\t\t\t\t\t<\/li>\n\t\t\t\t\t\t<\/ul>\n\t\t\t\t\t\t<\/div>\n\t\t\t\t<\/div>\n\t\t\t\t\t<\/div>\n\t\t<\/div>\n\t\t\t\t\t<\/div>\n\t\t<\/section>\n\t\t\t\t<section class=\"elementor-section elementor-top-section elementor-element elementor-element-ceed89d elementor-section-boxed elementor-section-height-default elementor-section-height-default\" data-id=\"ceed89d\" data-element_type=\"section\" data-e-type=\"section\">\n\t\t\t\t\t\t<div class=\"elementor-container elementor-column-gap-default\">\n\t\t\t\t\t<div class=\"elementor-column elementor-col-100 elementor-top-column elementor-element elementor-element-3e9c104\" data-id=\"3e9c104\" data-element_type=\"column\" data-e-type=\"column\">\n\t\t\t<div class=\"elementor-widget-wrap elementor-element-populated\">\n\t\t\t\t\t\t<div class=\"elementor-element elementor-element-875022f elementor-widget elementor-widget-heading\" data-id=\"875022f\" data-element_type=\"widget\" data-e-type=\"widget\" data-widget_type=\"heading.default\">\n\t\t\t\t<div class=\"elementor-widget-container\">\n\t\t\t\t\t<h4 class=\"elementor-heading-title elementor-size-default\">Ludzas novada pa\u0161vald\u012bbas datu aizsardz\u012bbas speci\u0101lists<\/h4>\t\t\t\t<\/div>\n\t\t\t\t<\/div>\n\t\t\t\t<div class=\"elementor-element elementor-element-5916b98 elementor-widget elementor-widget-heading\" data-id=\"5916b98\" data-element_type=\"widget\" data-e-type=\"widget\" data-widget_type=\"heading.default\">\n\t\t\t\t<div class=\"elementor-widget-container\">\n\t\t\t\t\t<h3 class=\"elementor-heading-title elementor-size-default\">Uldis V\u012btoli\u0146\u0161<\/h3>\t\t\t\t<\/div>\n\t\t\t\t<\/div>\n\t\t\t\t<div class=\"elementor-element elementor-element-5d902c7 elementor-icon-list--layout-traditional elementor-list-item-link-full_width elementor-widget elementor-widget-icon-list\" data-id=\"5d902c7\" data-element_type=\"widget\" data-e-type=\"widget\" data-widget_type=\"icon-list.default\">\n\t\t\t\t<div class=\"elementor-widget-container\">\n\t\t\t\t\t\t\t<ul class=\"elementor-icon-list-items\">\n\t\t\t\t\t\t\t<li class=\"elementor-icon-list-item\">\n\t\t\t\t\t\t\t\t\t\t\t<span class=\"elementor-icon-list-icon\">\n\t\t\t\t\t\t\t<i aria-hidden=\"true\" class=\"fas fa-mobile-alt\"><\/i>\t\t\t\t\t\t<\/span>\n\t\t\t\t\t\t\t\t\t\t<span class=\"elementor-icon-list-text\">+371 20384844<\/span>\n\t\t\t\t\t\t\t\t\t<\/li>\n\t\t\t\t\t\t\t\t<li class=\"elementor-icon-list-item\">\n\t\t\t\t\t\t\t\t\t\t\t<span class=\"elementor-icon-list-icon\">\n\t\t\t\t\t\t\t<i aria-hidden=\"true\" class=\"far fa-envelope\"><\/i>\t\t\t\t\t\t<\/span>\n\t\t\t\t\t\t\t\t\t\t<span class=\"elementor-icon-list-text\">info@raca.lv<\/span>\n\t\t\t\t\t\t\t\t\t<\/li>\n\t\t\t\t\t\t<\/ul>\n\t\t\t\t\t\t<\/div>\n\t\t\t\t<\/div>\n\t\t\t\t\t<\/div>\n\t\t<\/div>\n\t\t\t\t\t<\/div>\n\t\t<\/section>\n\t\t\t\t<section class=\"elementor-section elementor-top-section elementor-element elementor-element-8fbdbab elementor-section-full_width elementor-section-height-min-height elementor-section-items-stretch elementor-section-height-default\" data-id=\"8fbdbab\" data-element_type=\"section\" data-e-type=\"section\" data-settings=\"{&quot;background_background&quot;:&quot;classic&quot;}\">\n\t\t\t\t\t\t<div class=\"elementor-container elementor-column-gap-no\">\n\t\t\t\t\t<div class=\"elementor-column elementor-col-100 elementor-top-column elementor-element elementor-element-020645a\" data-id=\"020645a\" data-element_type=\"column\" data-e-type=\"column\">\n\t\t\t<div class=\"elementor-widget-wrap elementor-element-populated\">\n\t\t\t\t\t\t<div class=\"elementor-element elementor-element-7f1bab7 elementor-widget elementor-widget-google_maps\" data-id=\"7f1bab7\" data-element_type=\"widget\" data-e-type=\"widget\" data-widget_type=\"google_maps.default\">\n\t\t\t\t<div class=\"elementor-widget-container\">\n\t\t\t\t\t\t\t<div class=\"elementor-custom-embed\">\n\t\t\t<div class=\"iframe-container\"><iframe loading=\"lazy\"\n\t\t\t\t\tsrc=\"https:\/\/maps.google.com\/maps?q=Bazn%C4%ABcas%20iela%2042%2C%20Ludza%2C%20LV-5701&#038;t=m&#038;z=15&#038;output=embed&#038;iwloc=near\"\n\t\t\t\t\ttitle=\"Bazn\u012bcas iela 42, Ludza, LV-5701\"\n\t\t\t\t\taria-label=\"Bazn\u012bcas iela 42, Ludza, LV-5701\"\n\t\t\t><\/iframe><\/div>\n\t\t<\/div>\n\t\t\t\t\t\t<\/div>\n\t\t\t\t<\/div>\n\t\t\t\t\t<\/div>\n\t\t<\/div>\n\t\t\t\t\t<\/div>\n\t\t<\/section>\n\t\t\t\t<\/div>\n\t\t","protected":false},"excerpt":{"rendered":"<p>Darbo laikas: Pirmadienis &#8211; penktadienis 8:00-17:00 val.\u0160e\u0161tadienis \u2013 nedarbo dienosSekmadienis \u2013 nedarbo dienos Kontaktai Bazn\u012bcas iela 42, Ludza, LV-5701 +371 65707203 +371 29327265 tic@ludzasnovads.lv visitludza.lv ludzas_tic LudzasTIC Paslaugos: Ludzos savivaldyb\u0117s &#8230;<\/p>\n","protected":false},"author":2,"featured_media":0,"parent":0,"menu_order":0,"comment_status":"closed","ping_status":"closed","template":"elementor_header_footer","meta":{"inline_featured_image":false,"footnotes":""},"class_list":["post-14274","page","type-page","status-publish","hentry"],"yoast_head":"<!-- This site is optimized with the Yoast SEO plugin v27.4 - https:\/\/yoast.com\/product\/yoast-seo-wordpress\/ -->\n<title>Ludzos savivaldyb\u0117s turizmo centras - Visit Ludza<\/title>\n<meta name=\"robots\" content=\"index, follow, max-snippet:-1, max-image-preview:large, max-video-preview:-1\" \/>\n<link rel=\"canonical\" href=\"https:\/\/visitludza.lv\/lt\/ludzos-savivaldybes-turizmo-centras\/\" \/>\n<meta property=\"og:locale\" content=\"lt_LT\" \/>\n<meta property=\"og:type\" content=\"article\" \/>\n<meta property=\"og:title\" content=\"Ludzos savivaldyb\u0117s turizmo centras - Visit Ludza\" \/>\n<meta property=\"og:description\" content=\"Darbo laikas: Pirmadienis &#8211; penktadienis 8:00-17:00 val.\u0160e\u0161tadienis \u2013 nedarbo dienosSekmadienis \u2013 nedarbo dienos Kontaktai Bazn\u012bcas iela 42, Ludza, LV-5701 +371 65707203 +371 29327265 tic@ludzasnovads.lv visitludza.lv ludzas_tic LudzasTIC Paslaugos: Ludzos savivaldyb\u0117s ...\" \/>\n<meta property=\"og:url\" content=\"https:\/\/visitludza.lv\/lt\/ludzos-savivaldybes-turizmo-centras\/\" \/>\n<meta property=\"og:site_name\" content=\"Visit Ludza\" \/>\n<meta property=\"article:modified_time\" content=\"2025-09-02T13:06:51+00:00\" \/>\n<meta property=\"og:image\" content=\"https:\/\/visitludza.lv\/wp-content\/uploads\/2015\/10\/11823149_803672519749527_1767040360292225857_o.jpg\" \/>\n\t<meta property=\"og:image:width\" content=\"1500\" \/>\n\t<meta property=\"og:image:height\" content=\"803\" \/>\n\t<meta property=\"og:image:type\" content=\"image\/jpeg\" \/>\n<meta name=\"twitter:card\" content=\"summary_large_image\" \/>\n<meta name=\"twitter:label1\" content=\"Est. reading time\" \/>\n\t<meta name=\"twitter:data1\" content=\"1 minut\u0117\" \/>\n<script type=\"application\/ld+json\" class=\"yoast-schema-graph\">{\"@context\":\"https:\\\/\\\/schema.org\",\"@graph\":[{\"@type\":\"WebPage\",\"@id\":\"https:\\\/\\\/visitludza.lv\\\/lt\\\/ludzos-savivaldybes-turizmo-centras\\\/\",\"url\":\"https:\\\/\\\/visitludza.lv\\\/lt\\\/ludzos-savivaldybes-turizmo-centras\\\/\",\"name\":\"Ludzos savivaldyb\u0117s turizmo centras - Visit Ludza\",\"isPartOf\":{\"@id\":\"https:\\\/\\\/visitludza.lv\\\/lt\\\/#website\"},\"primaryImageOfPage\":{\"@id\":\"https:\\\/\\\/visitludza.lv\\\/lt\\\/ludzos-savivaldybes-turizmo-centras\\\/#primaryimage\"},\"image\":{\"@id\":\"https:\\\/\\\/visitludza.lv\\\/lt\\\/ludzos-savivaldybes-turizmo-centras\\\/#primaryimage\"},\"thumbnailUrl\":\"https:\\\/\\\/visitludza.lv\\\/wp-content\\\/uploads\\\/2025\\\/06\\\/img_4579-1-1536x864.jpg\",\"datePublished\":\"2015-10-02T06:48:23+00:00\",\"dateModified\":\"2025-09-02T13:06:51+00:00\",\"breadcrumb\":{\"@id\":\"https:\\\/\\\/visitludza.lv\\\/lt\\\/ludzos-savivaldybes-turizmo-centras\\\/#breadcrumb\"},\"inLanguage\":\"lt-LT\",\"potentialAction\":[{\"@type\":\"ReadAction\",\"target\":[\"https:\\\/\\\/visitludza.lv\\\/lt\\\/ludzos-savivaldybes-turizmo-centras\\\/\"]}]},{\"@type\":\"ImageObject\",\"inLanguage\":\"lt-LT\",\"@id\":\"https:\\\/\\\/visitludza.lv\\\/lt\\\/ludzos-savivaldybes-turizmo-centras\\\/#primaryimage\",\"url\":\"https:\\\/\\\/visitludza.lv\\\/wp-content\\\/uploads\\\/2025\\\/06\\\/img_4579-1-1536x864.jpg\",\"contentUrl\":\"https:\\\/\\\/visitludza.lv\\\/wp-content\\\/uploads\\\/2025\\\/06\\\/img_4579-1-1536x864.jpg\"},{\"@type\":\"BreadcrumbList\",\"@id\":\"https:\\\/\\\/visitludza.lv\\\/lt\\\/ludzos-savivaldybes-turizmo-centras\\\/#breadcrumb\",\"itemListElement\":[{\"@type\":\"ListItem\",\"position\":1,\"name\":\"S\u0101kums\",\"item\":\"https:\\\/\\\/visitludza.lv\\\/lt\\\/\"},{\"@type\":\"ListItem\",\"position\":2,\"name\":\"Ludzos savivaldyb\u0117s turizmo centras\"}]},{\"@type\":\"WebSite\",\"@id\":\"https:\\\/\\\/visitludza.lv\\\/lt\\\/#website\",\"url\":\"https:\\\/\\\/visitludza.lv\\\/lt\\\/\",\"name\":\"Visit Ludza\",\"description\":\"Ludzas novada t\u016brisma port\u0101ls\",\"potentialAction\":[{\"@type\":\"SearchAction\",\"target\":{\"@type\":\"EntryPoint\",\"urlTemplate\":\"https:\\\/\\\/visitludza.lv\\\/lt\\\/?s={search_term_string}\"},\"query-input\":{\"@type\":\"PropertyValueSpecification\",\"valueRequired\":true,\"valueName\":\"search_term_string\"}}],\"inLanguage\":\"lt-LT\"}]}<\/script>\n<!-- \/ Yoast SEO plugin. -->","yoast_head_json":{"title":"Ludzos savivaldyb\u0117s turizmo centras - Visit Ludza","robots":{"index":"index","follow":"follow","max-snippet":"max-snippet:-1","max-image-preview":"max-image-preview:large","max-video-preview":"max-video-preview:-1"},"canonical":"https:\/\/visitludza.lv\/lt\/ludzos-savivaldybes-turizmo-centras\/","og_locale":"lt_LT","og_type":"article","og_title":"Ludzos savivaldyb\u0117s turizmo centras - Visit Ludza","og_description":"Darbo laikas: Pirmadienis &#8211; penktadienis 8:00-17:00 val.\u0160e\u0161tadienis \u2013 nedarbo dienosSekmadienis \u2013 nedarbo dienos Kontaktai Bazn\u012bcas iela 42, Ludza, LV-5701 +371 65707203 +371 29327265 tic@ludzasnovads.lv visitludza.lv ludzas_tic LudzasTIC Paslaugos: Ludzos savivaldyb\u0117s ...","og_url":"https:\/\/visitludza.lv\/lt\/ludzos-savivaldybes-turizmo-centras\/","og_site_name":"Visit Ludza","article_modified_time":"2025-09-02T13:06:51+00:00","og_image":[{"width":1500,"height":803,"url":"https:\/\/visitludza.lv\/wp-content\/uploads\/2015\/10\/11823149_803672519749527_1767040360292225857_o.jpg","type":"image\/jpeg"}],"twitter_card":"summary_large_image","twitter_misc":{"Est. reading time":"1 minut\u0117"},"schema":{"@context":"https:\/\/schema.org","@graph":[{"@type":"WebPage","@id":"https:\/\/visitludza.lv\/lt\/ludzos-savivaldybes-turizmo-centras\/","url":"https:\/\/visitludza.lv\/lt\/ludzos-savivaldybes-turizmo-centras\/","name":"Ludzos savivaldyb\u0117s turizmo centras - Visit Ludza","isPartOf":{"@id":"https:\/\/visitludza.lv\/lt\/#website"},"primaryImageOfPage":{"@id":"https:\/\/visitludza.lv\/lt\/ludzos-savivaldybes-turizmo-centras\/#primaryimage"},"image":{"@id":"https:\/\/visitludza.lv\/lt\/ludzos-savivaldybes-turizmo-centras\/#primaryimage"},"thumbnailUrl":"https:\/\/visitludza.lv\/wp-content\/uploads\/2025\/06\/img_4579-1-1536x864.jpg","datePublished":"2015-10-02T06:48:23+00:00","dateModified":"2025-09-02T13:06:51+00:00","breadcrumb":{"@id":"https:\/\/visitludza.lv\/lt\/ludzos-savivaldybes-turizmo-centras\/#breadcrumb"},"inLanguage":"lt-LT","potentialAction":[{"@type":"ReadAction","target":["https:\/\/visitludza.lv\/lt\/ludzos-savivaldybes-turizmo-centras\/"]}]},{"@type":"ImageObject","inLanguage":"lt-LT","@id":"https:\/\/visitludza.lv\/lt\/ludzos-savivaldybes-turizmo-centras\/#primaryimage","url":"https:\/\/visitludza.lv\/wp-content\/uploads\/2025\/06\/img_4579-1-1536x864.jpg","contentUrl":"https:\/\/visitludza.lv\/wp-content\/uploads\/2025\/06\/img_4579-1-1536x864.jpg"},{"@type":"BreadcrumbList","@id":"https:\/\/visitludza.lv\/lt\/ludzos-savivaldybes-turizmo-centras\/#breadcrumb","itemListElement":[{"@type":"ListItem","position":1,"name":"S\u0101kums","item":"https:\/\/visitludza.lv\/lt\/"},{"@type":"ListItem","position":2,"name":"Ludzos savivaldyb\u0117s turizmo centras"}]},{"@type":"WebSite","@id":"https:\/\/visitludza.lv\/lt\/#website","url":"https:\/\/visitludza.lv\/lt\/","name":"Visit Ludza","description":"Ludzas novada t\u016brisma port\u0101ls","potentialAction":[{"@type":"SearchAction","target":{"@type":"EntryPoint","urlTemplate":"https:\/\/visitludza.lv\/lt\/?s={search_term_string}"},"query-input":{"@type":"PropertyValueSpecification","valueRequired":true,"valueName":"search_term_string"}}],"inLanguage":"lt-LT"}]}},"_links":{"self":[{"href":"https:\/\/visitludza.lv\/lt\/wp-json\/wp\/v2\/pages\/14274","targetHints":{"allow":["GET"]}}],"collection":[{"href":"https:\/\/visitludza.lv\/lt\/wp-json\/wp\/v2\/pages"}],"about":[{"href":"https:\/\/visitludza.lv\/lt\/wp-json\/wp\/v2\/types\/page"}],"author":[{"embeddable":true,"href":"https:\/\/visitludza.lv\/lt\/wp-json\/wp\/v2\/users\/2"}],"replies":[{"embeddable":true,"href":"https:\/\/visitludza.lv\/lt\/wp-json\/wp\/v2\/comments?post=14274"}],"version-history":[{"count":0,"href":"https:\/\/visitludza.lv\/lt\/wp-json\/wp\/v2\/pages\/14274\/revisions"}],"wp:attachment":[{"href":"https:\/\/visitludza.lv\/lt\/wp-json\/wp\/v2\/media?parent=14274"}],"curies":[{"name":"wp","href":"https:\/\/api.w.org\/{rel}","templated":true}]}}