
{"id":16243,"date":"2015-11-13T09:45:24","date_gmt":"2015-11-13T07:45:24","guid":{"rendered":"https:\/\/visitludza.lv\/?page_id=16243"},"modified":"2024-12-06T17:41:01","modified_gmt":"2024-12-06T15:41:01","slug":"printed-materials","status":"publish","type":"page","link":"https:\/\/visitludza.lv\/et\/turismitrukised\/","title":{"rendered":"Druk\u0101tie materi\u0101li"},"content":{"rendered":"<p><strong>2023. gads<\/strong><\/p>\n<p><a href=\"https:\/\/issuu.com\/ludzastic\/docs\/p_rg_jieni_un_dabas_takas_ludzas_novad_lv-compres\">Pastaigu un dabas takas Ludzas novad\u0101, LV<\/a><\/p>\n<p>&nbsp;<\/p>\n<p>______________________________________________________________________________________________________________________________________<\/p>\n<p><strong>2021. gads<\/strong><\/p>\n<ul>\n<li><a href=\"https:\/\/visitludza.lv\/wp-content\/uploads\/2021\/07\/Ludzas-kartes-druka_amati-print.pdf\">Aicynojam iz Ludzys n\u016bvodu<\/a>, 2021.g. t\u016brisma ce\u013cvedis, LV<\/li>\n<li><a href=\"https:\/\/visitludza.lv\/wp-content\/uploads\/2021\/03\/noplesamakarte2021final.pdf\">Ludzas pils\u0113tas nopl\u0113\u0161am\u0101 karte L\u016bdzu uz Ludzu! LV<\/a><\/li>\n<li>EiroVelo 11 velomar\u0161ruta Latgales posma karte:<br \/>\n<a href=\"https:\/\/visitludza.lv\/wp-content\/uploads\/2021\/02\/WWW_Austrumlatvijas_Velo_LAT.pdf\">LV valod\u0101<\/a><br \/>\n<a href=\"https:\/\/visitludza.lv\/wp-content\/uploads\/2021\/02\/WWW_Austrumlatvijas_Velo_ENG.pdf\">ENG valod\u0101<\/a><br \/>\n<a href=\"https:\/\/visitludza.lv\/wp-content\/uploads\/2021\/02\/WWW_Austrumlatvijas_Velo_RUS.pdf\">RUS valod\u0101<\/a><\/li>\n<\/ul>\n<p>&nbsp;<\/p>\n<ul>\n<li><a href=\"https:\/\/drive.google.com\/file\/d\/1h602PXd1L8HQvy-gYo_6ladZtxYZ1ePI\/view\">Iepaz\u012bsti BELLA mantojumu un kult\u016bru!\u00a0 (LV)<\/a> (\u0160\u012b bro\u0161\u016bra ir tapusi ar Eiropas Savien\u012bbas finansi\u0101lu atbalstu projekta ENI-LLB-1-016 BELLA CUTURE ietvaros)<\/li>\n<\/ul>\n<p>&nbsp;<\/p>\n<ul>\n<li><a href=\"https:\/\/visitludza.lv\/wp-content\/uploads\/2021\/06\/ezerzeme_lv_drukai_new_compressed.pdf\">T\u016brisma ce\u013cvedis &#8220;Vasals Latgol\u0101!&#8221;<\/a><\/li>\n<\/ul>\n<hr \/>\n<p>L\u016bdzam uz Ludzu!\u00a0 2019.g.<\/p>\n<p><a href=\"https:\/\/visitludza.lv\/wp-content\/uploads\/2019\/03\/000-makets-compressed.pdf\">L\u016bdzam uz Ludzu!<\/a><\/p>\n<p><a href=\"https:\/\/visitludza.lv\/wp-content\/uploads\/2019\/03\/001_makets_A5.pdf\">Iepaz\u012bsimies &#8211; Ludza!<\/a><\/p>\n<p><a href=\"https:\/\/visitludza.lv\/wp-content\/uploads\/2019\/03\/002_makets_A5.pdf\">Atver Ludzu un piedalies pas\u0101kumos Ludz\u0101!<\/a><\/p>\n<p><a href=\"https:\/\/visitludza.lv\/wp-content\/uploads\/2019\/03\/003maketsA5.pdf\">Izgar\u0161o un iem\u0113\u0123ini Ludzu!<\/a><\/p>\n<p><a href=\"https:\/\/visitludza.lv\/wp-content\/uploads\/2019\/03\/004maketsA5.pdf\">Atp\u016bta Ludz\u0101!<\/a><\/p>\n<p><a href=\"https:\/\/visitludza.lv\/wp-content\/uploads\/2019\/03\/005_makets_A5.pdf\">Salons &#8220;Pelnru\u0161\u0137\u012btes sapnis&#8221;<\/a><\/p>\n<p>&nbsp;<\/p>\n<p>Ludzas novada karte, 2018.-2019.gads (LV\/ENG un LV\/RUS)<\/p>\n<p><a href=\"https:\/\/visitludza.lv\/wp-content\/uploads\/2019\/03\/ludz-nov-karte-2018-LV-EN3_GALA_20.12..pdf\">L\u016bdzam uz Ludzas novadu \/ Welcome to Ludza municipality!<\/a><\/p>\n<p><a href=\"https:\/\/visitludza.lv\/wp-content\/uploads\/2019\/03\/ludz-nov-karte-2018-LV-RU_21.12..pdf\">L\u016bdzam uz Ludzas novadu! \/\u0414\u043e\u0431\u0440\u043e \u043f\u043e\u0436\u0430\u043b\u043e\u0432\u0430\u0442\u044c \u0432 \u041b\u0443\u0434\u0437\u0435\u043d\u0441\u043a\u0438\u0439 \u043a\u0440\u0430\u0439!<\/a><\/p>\n<p>&nbsp;<\/p>\n<hr \/>\n<p>Ludzas pils\u0113tas un Ludzas novada druk\u0101tie materi\u0101li 2015.-2017.g.<\/p>\n<p><a href=\"https:\/\/visitludza.lv\/wp-content\/uploads\/2015\/11\/Ludzas-avize-2017-final-1-20.01.17..pdf\">Ludzas novada av\u012bze 2017.g.<\/a><\/p>\n<p><a href=\"https:\/\/visitludza.lv\/wp-content\/uploads\/2015\/11\/Ludzas_novada_avize_2015.g.1.pdf\">Ludzas_novada_avize_2015.g.<\/a><\/p>\n<p><a href=\"https:\/\/visitludza.lv\/wp-content\/uploads\/2015\/11\/Ludzas_novada_karte_2015.g..pdf\">Ludzas_novada_karte_2015.g.<\/a><\/p>\n<p><a href=\"https:\/\/visitludza.lv\/wp-content\/uploads\/2015\/11\/Ludzas_pils--tas_karte_ENG_2015.g..pdf\">Ludzas_pils\u0113tas_karte_ENG_2015.g.<\/a><\/p>\n<p><a href=\"https:\/\/visitludza.lv\/wp-content\/uploads\/2015\/11\/Ludzas_pils--tas_karte_DE_2015.g..pdf\">Ludzas_pils\u0113tas_karte_DE_2015.g.<\/a><\/p>\n<p>&nbsp;<\/p>\n<p>Ludzas novada un biju\u0161\u0101 Ludzas rajona teritorijas druk\u0101tie materi\u0101li<\/p>\n<p><a href=\"https:\/\/visitludza.lv\/wp-content\/uploads\/2015\/11\/Ludzas_rajona_karte_LV_2015.pdf\">Ludzas_rajona_karte_LV_2015<\/a><\/p>\n<p>&nbsp;<\/p>\n<p>Pierobe\u017eas druk\u0101tie materi\u0101lie<\/p>\n<p><a href=\"https:\/\/visitludza.lv\/wp-content\/uploads\/2015\/11\/pierobeza-gala-_EN-last.pdf\">Pierobe\u017ea ENG 2015.g.<\/a><!--more--><\/p>\n","protected":false},"excerpt":{"rendered":"<p>2023. gads Pastaigu un dabas takas Ludzas novad\u0101, LV &nbsp; ______________________________________________________________________________________________________________________________________ 2021. gads Aicynojam iz Ludzys n\u016bvodu, 2021.g. t\u016brisma ce\u013cvedis, LV Ludzas pils\u0113tas nopl\u0113\u0161am\u0101 karte L\u016bdzu uz Ludzu! LV EiroVelo &#8230;<\/p>\n","protected":false},"author":3,"featured_media":0,"parent":0,"menu_order":0,"comment_status":"closed","ping_status":"closed","template":"","meta":{"inline_featured_image":false,"footnotes":""},"class_list":["post-16243","page","type-page","status-publish","hentry"],"yoast_head":"<!-- This site is optimized with the Yoast SEO plugin v27.5 - https:\/\/yoast.com\/product\/yoast-seo-wordpress\/ -->\n<title>Druk\u0101tie materi\u0101li - Visit Ludza<\/title>\n<meta name=\"robots\" content=\"index, follow, max-snippet:-1, max-image-preview:large, max-video-preview:-1\" \/>\n<link rel=\"canonical\" href=\"https:\/\/visitludza.lv\/et\/turismitrukised\/\" \/>\n<meta property=\"og:locale\" content=\"et_EE\" \/>\n<meta property=\"og:type\" content=\"article\" \/>\n<meta property=\"og:title\" content=\"Druk\u0101tie materi\u0101li - Visit Ludza\" \/>\n<meta property=\"og:description\" content=\"2023. gads Pastaigu un dabas takas Ludzas novad\u0101, LV &nbsp; ______________________________________________________________________________________________________________________________________ 2021. gads Aicynojam iz Ludzys n\u016bvodu, 2021.g. t\u016brisma ce\u013cvedis, LV Ludzas pils\u0113tas nopl\u0113\u0161am\u0101 karte L\u016bdzu uz Ludzu! LV EiroVelo ...\" \/>\n<meta property=\"og:url\" content=\"https:\/\/visitludza.lv\/et\/turismitrukised\/\" \/>\n<meta property=\"og:site_name\" content=\"Visit Ludza\" \/>\n<meta property=\"article:modified_time\" content=\"2024-12-06T15:41:01+00:00\" \/>\n<meta name=\"twitter:card\" content=\"summary_large_image\" \/>\n<script type=\"application\/ld+json\" class=\"yoast-schema-graph\">{\"@context\":\"https:\\\/\\\/schema.org\",\"@graph\":[{\"@type\":\"WebPage\",\"@id\":\"https:\\\/\\\/visitludza.lv\\\/et\\\/turismitrukised\\\/\",\"url\":\"https:\\\/\\\/visitludza.lv\\\/et\\\/turismitrukised\\\/\",\"name\":\"Druk\u0101tie materi\u0101li - Visit Ludza\",\"isPartOf\":{\"@id\":\"https:\\\/\\\/visitludza.lv\\\/et\\\/#website\"},\"datePublished\":\"2015-11-13T07:45:24+00:00\",\"dateModified\":\"2024-12-06T15:41:01+00:00\",\"breadcrumb\":{\"@id\":\"https:\\\/\\\/visitludza.lv\\\/et\\\/turismitrukised\\\/#breadcrumb\"},\"inLanguage\":\"et\",\"potentialAction\":[{\"@type\":\"ReadAction\",\"target\":[\"https:\\\/\\\/visitludza.lv\\\/et\\\/turismitrukised\\\/\"]}]},{\"@type\":\"BreadcrumbList\",\"@id\":\"https:\\\/\\\/visitludza.lv\\\/et\\\/turismitrukised\\\/#breadcrumb\",\"itemListElement\":[{\"@type\":\"ListItem\",\"position\":1,\"name\":\"S\u0101kums\",\"item\":\"https:\\\/\\\/visitludza.lv\\\/et\\\/\"},{\"@type\":\"ListItem\",\"position\":2,\"name\":\"Druk\u0101tie materi\u0101li\"}]},{\"@type\":\"WebSite\",\"@id\":\"https:\\\/\\\/visitludza.lv\\\/et\\\/#website\",\"url\":\"https:\\\/\\\/visitludza.lv\\\/et\\\/\",\"name\":\"Visit Ludza\",\"description\":\"Ludzas novada t\u016brisma port\u0101ls\",\"potentialAction\":[{\"@type\":\"SearchAction\",\"target\":{\"@type\":\"EntryPoint\",\"urlTemplate\":\"https:\\\/\\\/visitludza.lv\\\/et\\\/?s={search_term_string}\"},\"query-input\":{\"@type\":\"PropertyValueSpecification\",\"valueRequired\":true,\"valueName\":\"search_term_string\"}}],\"inLanguage\":\"et\"}]}<\/script>\n<!-- \/ Yoast SEO plugin. -->","yoast_head_json":{"title":"Druk\u0101tie materi\u0101li - Visit Ludza","robots":{"index":"index","follow":"follow","max-snippet":"max-snippet:-1","max-image-preview":"max-image-preview:large","max-video-preview":"max-video-preview:-1"},"canonical":"https:\/\/visitludza.lv\/et\/turismitrukised\/","og_locale":"et_EE","og_type":"article","og_title":"Druk\u0101tie materi\u0101li - Visit Ludza","og_description":"2023. gads Pastaigu un dabas takas Ludzas novad\u0101, LV &nbsp; ______________________________________________________________________________________________________________________________________ 2021. gads Aicynojam iz Ludzys n\u016bvodu, 2021.g. t\u016brisma ce\u013cvedis, LV Ludzas pils\u0113tas nopl\u0113\u0161am\u0101 karte L\u016bdzu uz Ludzu! LV EiroVelo ...","og_url":"https:\/\/visitludza.lv\/et\/turismitrukised\/","og_site_name":"Visit Ludza","article_modified_time":"2024-12-06T15:41:01+00:00","twitter_card":"summary_large_image","schema":{"@context":"https:\/\/schema.org","@graph":[{"@type":"WebPage","@id":"https:\/\/visitludza.lv\/et\/turismitrukised\/","url":"https:\/\/visitludza.lv\/et\/turismitrukised\/","name":"Druk\u0101tie materi\u0101li - Visit Ludza","isPartOf":{"@id":"https:\/\/visitludza.lv\/et\/#website"},"datePublished":"2015-11-13T07:45:24+00:00","dateModified":"2024-12-06T15:41:01+00:00","breadcrumb":{"@id":"https:\/\/visitludza.lv\/et\/turismitrukised\/#breadcrumb"},"inLanguage":"et","potentialAction":[{"@type":"ReadAction","target":["https:\/\/visitludza.lv\/et\/turismitrukised\/"]}]},{"@type":"BreadcrumbList","@id":"https:\/\/visitludza.lv\/et\/turismitrukised\/#breadcrumb","itemListElement":[{"@type":"ListItem","position":1,"name":"S\u0101kums","item":"https:\/\/visitludza.lv\/et\/"},{"@type":"ListItem","position":2,"name":"Druk\u0101tie materi\u0101li"}]},{"@type":"WebSite","@id":"https:\/\/visitludza.lv\/et\/#website","url":"https:\/\/visitludza.lv\/et\/","name":"Visit Ludza","description":"Ludzas novada t\u016brisma port\u0101ls","potentialAction":[{"@type":"SearchAction","target":{"@type":"EntryPoint","urlTemplate":"https:\/\/visitludza.lv\/et\/?s={search_term_string}"},"query-input":{"@type":"PropertyValueSpecification","valueRequired":true,"valueName":"search_term_string"}}],"inLanguage":"et"}]}},"_links":{"self":[{"href":"https:\/\/visitludza.lv\/et\/wp-json\/wp\/v2\/pages\/16243","targetHints":{"allow":["GET"]}}],"collection":[{"href":"https:\/\/visitludza.lv\/et\/wp-json\/wp\/v2\/pages"}],"about":[{"href":"https:\/\/visitludza.lv\/et\/wp-json\/wp\/v2\/types\/page"}],"author":[{"embeddable":true,"href":"https:\/\/visitludza.lv\/et\/wp-json\/wp\/v2\/users\/3"}],"replies":[{"embeddable":true,"href":"https:\/\/visitludza.lv\/et\/wp-json\/wp\/v2\/comments?post=16243"}],"version-history":[{"count":0,"href":"https:\/\/visitludza.lv\/et\/wp-json\/wp\/v2\/pages\/16243\/revisions"}],"wp:attachment":[{"href":"https:\/\/visitludza.lv\/et\/wp-json\/wp\/v2\/media?parent=16243"}],"curies":[{"name":"wp","href":"https:\/\/api.w.org\/{rel}","templated":true}]}}