
{"id":15343,"date":"2015-10-02T08:48:23","date_gmt":"2015-10-02T06:48:23","guid":{"rendered":"https:\/\/visitludza.lv\/?page_id=15343"},"modified":"2025-09-02T15:05:28","modified_gmt":"2025-09-02T13:05:28","slug":"ludza-piirkonna-turismiinfokeskus","status":"publish","type":"page","link":"https:\/\/visitludza.lv\/et\/ludza-piirkonna-turismiinfokeskus\/","title":{"rendered":"Ludza piirkonna turismiinfokeskus"},"content":{"rendered":"\t\t<div data-elementor-type=\"wp-page\" data-elementor-id=\"15343\" class=\"elementor elementor-15343 elementor-20\" data-elementor-post-type=\"page\">\n\t\t\t\t\t\t<section class=\"elementor-section elementor-top-section elementor-element elementor-element-c6e444b elementor-section-boxed elementor-section-height-default elementor-section-height-default\" data-id=\"c6e444b\" data-element_type=\"section\" data-e-type=\"section\">\n\t\t\t\t\t\t<div class=\"elementor-container elementor-column-gap-default\">\n\t\t\t\t\t<div class=\"elementor-column elementor-col-100 elementor-top-column elementor-element elementor-element-084cd1d\" data-id=\"084cd1d\" data-element_type=\"column\" data-e-type=\"column\">\n\t\t\t<div class=\"elementor-widget-wrap elementor-element-populated\">\n\t\t\t\t\t\t<div class=\"elementor-element elementor-element-6a7a314 elementor-widget elementor-widget-heading\" data-id=\"6a7a314\" data-element_type=\"widget\" data-e-type=\"widget\" data-widget_type=\"heading.default\">\n\t\t\t\t<div class=\"elementor-widget-container\">\n\t\t\t\t\t<h1 class=\"elementor-heading-title elementor-size-default\">Ludza piirkonna turismiinfokeskus<\/h1>\t\t\t\t<\/div>\n\t\t\t\t<\/div>\n\t\t\t\t\t<\/div>\n\t\t<\/div>\n\t\t\t\t\t<\/div>\n\t\t<\/section>\n\t\t\t\t<section class=\"elementor-section elementor-top-section elementor-element elementor-element-205eb06 elementor-section-boxed elementor-section-height-default elementor-section-height-default\" data-id=\"205eb06\" data-element_type=\"section\" data-e-type=\"section\">\n\t\t\t\t\t\t<div class=\"elementor-container elementor-column-gap-default\">\n\t\t\t\t\t<div class=\"elementor-column elementor-col-100 elementor-top-column elementor-element elementor-element-58ce3b3\" data-id=\"58ce3b3\" data-element_type=\"column\" data-e-type=\"column\" data-settings=\"{&quot;background_background&quot;:&quot;classic&quot;}\">\n\t\t\t<div class=\"elementor-widget-wrap elementor-element-populated\">\n\t\t\t\t\t\t<div class=\"elementor-element elementor-element-1c3f332 elementor-widget elementor-widget-image\" data-id=\"1c3f332\" data-element_type=\"widget\" data-e-type=\"widget\" data-widget_type=\"image.default\">\n\t\t\t\t<div class=\"elementor-widget-container\">\n\t\t\t\t\t\t\t\t\t\t\t\t\t\t\t<img fetchpriority=\"high\" decoding=\"async\" width=\"1536\" height=\"864\" src=\"https:\/\/visitludza.lv\/wp-content\/uploads\/2025\/06\/img_4579-1-1536x864.jpg\" class=\"attachment-1536x1536 size-1536x1536 wp-image-17361\" alt=\"\" \/>\t\t\t\t\t\t\t\t\t\t\t\t\t\t\t<\/div>\n\t\t\t\t<\/div>\n\t\t\t\t\t<\/div>\n\t\t<\/div>\n\t\t\t\t\t<\/div>\n\t\t<\/section>\n\t\t\t\t<section class=\"elementor-section elementor-top-section elementor-element elementor-element-1107368f elementor-section-boxed elementor-section-height-default elementor-section-height-default\" data-id=\"1107368f\" data-element_type=\"section\" data-e-type=\"section\">\n\t\t\t\t\t\t<div class=\"elementor-container elementor-column-gap-default\">\n\t\t\t\t\t<div class=\"elementor-column elementor-col-50 elementor-top-column elementor-element elementor-element-6895e6f8\" data-id=\"6895e6f8\" data-element_type=\"column\" data-e-type=\"column\">\n\t\t\t<div class=\"elementor-widget-wrap elementor-element-populated\">\n\t\t\t\t\t\t<div class=\"elementor-element elementor-element-33001fb elementor-widget elementor-widget-heading\" data-id=\"33001fb\" data-element_type=\"widget\" data-e-type=\"widget\" data-widget_type=\"heading.default\">\n\t\t\t\t<div class=\"elementor-widget-container\">\n\t\t\t\t\t<h2 class=\"elementor-heading-title elementor-size-default\">T\u00f6\u00f6aeg<\/h2>\t\t\t\t<\/div>\n\t\t\t\t<\/div>\n\t\t\t\t<div class=\"elementor-element elementor-element-c2acab3 elementor-widget elementor-widget-text-editor\" data-id=\"c2acab3\" data-element_type=\"widget\" data-e-type=\"widget\" data-widget_type=\"text-editor.default\">\n\t\t\t\t<div class=\"elementor-widget-container\">\n\t\t\t\t\t\t\t\t\t<p><strong>Esmasp\u00e4ev &#8211; Reede:<\/strong> 08:00\u201317:00<br \/><strong>Laup\u00e4ev:<\/strong> puhkep\u00e4ev<br \/><strong>P\u00fchap\u00e4ev:<\/strong> puhkep\u00e4ev<\/p>\t\t\t\t\t\t\t\t<\/div>\n\t\t\t\t<\/div>\n\t\t\t\t<div class=\"elementor-element elementor-element-c4dc3cb elementor-widget elementor-widget-heading\" data-id=\"c4dc3cb\" data-element_type=\"widget\" data-e-type=\"widget\" data-widget_type=\"heading.default\">\n\t\t\t\t<div class=\"elementor-widget-container\">\n\t\t\t\t\t<h2 class=\"elementor-heading-title elementor-size-default\">Kontaktid<\/h2>\t\t\t\t<\/div>\n\t\t\t\t<\/div>\n\t\t\t\t<div class=\"elementor-element elementor-element-89d82ce elementor-icon-list--layout-traditional elementor-list-item-link-full_width elementor-widget elementor-widget-icon-list\" data-id=\"89d82ce\" data-element_type=\"widget\" data-e-type=\"widget\" data-widget_type=\"icon-list.default\">\n\t\t\t\t<div class=\"elementor-widget-container\">\n\t\t\t\t\t\t\t<ul class=\"elementor-icon-list-items\">\n\t\t\t\t\t\t\t<li class=\"elementor-icon-list-item\">\n\t\t\t\t\t\t\t\t\t\t\t<span class=\"elementor-icon-list-icon\">\n\t\t\t\t\t\t\t<i aria-hidden=\"true\" class=\"fas fa-map-marker-alt\"><\/i>\t\t\t\t\t\t<\/span>\n\t\t\t\t\t\t\t\t\t\t<span class=\"elementor-icon-list-text\">Bazn\u012bcas iela 42, Ludza, LV-5701<\/span>\n\t\t\t\t\t\t\t\t\t<\/li>\n\t\t\t\t\t\t\t\t<li class=\"elementor-icon-list-item\">\n\t\t\t\t\t\t\t\t\t\t\t<span class=\"elementor-icon-list-icon\">\n\t\t\t\t\t\t\t<i aria-hidden=\"true\" class=\"fas fa-phone-alt\"><\/i>\t\t\t\t\t\t<\/span>\n\t\t\t\t\t\t\t\t\t\t<span class=\"elementor-icon-list-text\">+371 65707203<\/span>\n\t\t\t\t\t\t\t\t\t<\/li>\n\t\t\t\t\t\t\t\t<li class=\"elementor-icon-list-item\">\n\t\t\t\t\t\t\t\t\t\t\t<span class=\"elementor-icon-list-icon\">\n\t\t\t\t\t\t\t<i aria-hidden=\"true\" class=\"fas fa-mobile-alt\"><\/i>\t\t\t\t\t\t<\/span>\n\t\t\t\t\t\t\t\t\t\t<span class=\"elementor-icon-list-text\">+371 29327265<\/span>\n\t\t\t\t\t\t\t\t\t<\/li>\n\t\t\t\t\t\t\t\t<li class=\"elementor-icon-list-item\">\n\t\t\t\t\t\t\t\t\t\t\t<span class=\"elementor-icon-list-icon\">\n\t\t\t\t\t\t\t<i aria-hidden=\"true\" class=\"far fa-envelope\"><\/i>\t\t\t\t\t\t<\/span>\n\t\t\t\t\t\t\t\t\t\t<span class=\"elementor-icon-list-text\">tic@ludzasnovads.lv<\/span>\n\t\t\t\t\t\t\t\t\t<\/li>\n\t\t\t\t\t\t\t\t<li class=\"elementor-icon-list-item\">\n\t\t\t\t\t\t\t\t\t\t\t<a href=\"https:\/\/visitludza.lv\">\n\n\t\t\t\t\t\t\t\t\t\t\t\t<span class=\"elementor-icon-list-icon\">\n\t\t\t\t\t\t\t<i aria-hidden=\"true\" class=\"fas fa-link\"><\/i>\t\t\t\t\t\t<\/span>\n\t\t\t\t\t\t\t\t\t\t<span class=\"elementor-icon-list-text\">visitludza.lv<\/span>\n\t\t\t\t\t\t\t\t\t\t\t<\/a>\n\t\t\t\t\t\t\t\t\t<\/li>\n\t\t\t\t\t\t\t\t<li class=\"elementor-icon-list-item\">\n\t\t\t\t\t\t\t\t\t\t\t<span class=\"elementor-icon-list-icon\">\n\t\t\t\t\t\t\t<i aria-hidden=\"true\" class=\"fab fa-instagram\"><\/i>\t\t\t\t\t\t<\/span>\n\t\t\t\t\t\t\t\t\t\t<span class=\"elementor-icon-list-text\">ludzas_tic<\/span>\n\t\t\t\t\t\t\t\t\t<\/li>\n\t\t\t\t\t\t\t\t<li class=\"elementor-icon-list-item\">\n\t\t\t\t\t\t\t\t\t\t\t<span class=\"elementor-icon-list-icon\">\n\t\t\t\t\t\t\t<i aria-hidden=\"true\" class=\"fab fa-facebook\"><\/i>\t\t\t\t\t\t<\/span>\n\t\t\t\t\t\t\t\t\t\t<span class=\"elementor-icon-list-text\"><span dir=\"auto\"><span>LudzasTIC<\/span><\/span><\/span>\n\t\t\t\t\t\t\t\t\t<\/li>\n\t\t\t\t\t\t<\/ul>\n\t\t\t\t\t\t<\/div>\n\t\t\t\t<\/div>\n\t\t\t\t\t<\/div>\n\t\t<\/div>\n\t\t\t\t<div class=\"elementor-column elementor-col-50 elementor-top-column elementor-element elementor-element-58da7f7\" data-id=\"58da7f7\" data-element_type=\"column\" data-e-type=\"column\">\n\t\t\t<div class=\"elementor-widget-wrap elementor-element-populated\">\n\t\t\t\t\t\t<div class=\"elementor-element elementor-element-261096f elementor-widget elementor-widget-heading\" data-id=\"261096f\" data-element_type=\"widget\" data-e-type=\"widget\" data-widget_type=\"heading.default\">\n\t\t\t\t<div class=\"elementor-widget-container\">\n\t\t\t\t\t<h2 class=\"elementor-heading-title elementor-size-default\">Teenused<\/h2>\t\t\t\t<\/div>\n\t\t\t\t<\/div>\n\t\t\t\t<div class=\"elementor-element elementor-element-367d42f elementor-icon-list--layout-traditional elementor-list-item-link-full_width elementor-widget elementor-widget-icon-list\" data-id=\"367d42f\" data-element_type=\"widget\" data-e-type=\"widget\" data-widget_type=\"icon-list.default\">\n\t\t\t\t<div class=\"elementor-widget-container\">\n\t\t\t\t\t\t\t<ul class=\"elementor-icon-list-items\">\n\t\t\t\t\t\t\t<li class=\"elementor-icon-list-item\">\n\t\t\t\t\t\t\t\t\t\t\t<span class=\"elementor-icon-list-icon\">\n\t\t\t\t\t\t\t<i aria-hidden=\"true\" class=\"fas fa-check\"><\/i>\t\t\t\t\t\t<\/span>\n\t\t\t\t\t\t\t\t\t\t<span class=\"elementor-icon-list-text\">Turismiinfo Ludza piirkonna kohta;<\/span>\n\t\t\t\t\t\t\t\t\t<\/li>\n\t\t\t\t\t\t\t\t<li class=\"elementor-icon-list-item\">\n\t\t\t\t\t\t\t\t\t\t\t<span class=\"elementor-icon-list-icon\">\n\t\t\t\t\t\t\t<i aria-hidden=\"true\" class=\"fas fa-check\"><\/i>\t\t\t\t\t\t<\/span>\n\t\t\t\t\t\t\t\t\t\t<span class=\"elementor-icon-list-text\">Turismiinfobro\u0161\u00fc\u00fcrid teiste L\u00e4ti piirkondade kohta;<\/span>\n\t\t\t\t\t\t\t\t\t<\/li>\n\t\t\t\t\t\t\t\t<li class=\"elementor-icon-list-item\">\n\t\t\t\t\t\t\t\t\t\t\t<span class=\"elementor-icon-list-icon\">\n\t\t\t\t\t\t\t<i aria-hidden=\"true\" class=\"fas fa-check\"><\/i>\t\t\t\t\t\t<\/span>\n\t\t\t\t\t\t\t\t\t\t<span class=\"elementor-icon-list-text\">Marsruutide koostamine r\u00fchmadele ja individuaalselt;<\/span>\n\t\t\t\t\t\t\t\t\t<\/li>\n\t\t\t\t\t\t\t\t<li class=\"elementor-icon-list-item\">\n\t\t\t\t\t\t\t\t\t\t\t<span class=\"elementor-icon-list-icon\">\n\t\t\t\t\t\t\t<i aria-hidden=\"true\" class=\"fas fa-check\"><\/i>\t\t\t\t\t\t<\/span>\n\t\t\t\t\t\t\t\t\t\t<span class=\"elementor-icon-list-text\">Aktiivse puhkuse ja turu\u00fcrituste korraldamine;<\/span>\n\t\t\t\t\t\t\t\t\t<\/li>\n\t\t\t\t\t\t\t\t<li class=\"elementor-icon-list-item\">\n\t\t\t\t\t\t\t\t\t\t\t<span class=\"elementor-icon-list-icon\">\n\t\t\t\t\t\t\t<i aria-hidden=\"true\" class=\"fas fa-check\"><\/i>\t\t\t\t\t\t<\/span>\n\t\t\t\t\t\t\t\t\t\t<span class=\"elementor-icon-list-text\">Interneti kasutamise v\u00f5imalus.<\/span>\n\t\t\t\t\t\t\t\t\t<\/li>\n\t\t\t\t\t\t<\/ul>\n\t\t\t\t\t\t<\/div>\n\t\t\t\t<\/div>\n\t\t\t\t\t<\/div>\n\t\t<\/div>\n\t\t\t\t\t<\/div>\n\t\t<\/section>\n\t\t\t\t<section class=\"elementor-section elementor-top-section elementor-element elementor-element-8fbdbab elementor-section-full_width elementor-section-height-min-height elementor-section-items-stretch elementor-section-height-default\" data-id=\"8fbdbab\" data-element_type=\"section\" data-e-type=\"section\" data-settings=\"{&quot;background_background&quot;:&quot;classic&quot;}\">\n\t\t\t\t\t\t<div class=\"elementor-container elementor-column-gap-no\">\n\t\t\t\t\t<div class=\"elementor-column elementor-col-100 elementor-top-column elementor-element elementor-element-020645a\" data-id=\"020645a\" data-element_type=\"column\" data-e-type=\"column\">\n\t\t\t<div class=\"elementor-widget-wrap elementor-element-populated\">\n\t\t\t\t\t\t<div class=\"elementor-element elementor-element-7f1bab7 elementor-widget elementor-widget-google_maps\" data-id=\"7f1bab7\" data-element_type=\"widget\" data-e-type=\"widget\" data-widget_type=\"google_maps.default\">\n\t\t\t\t<div class=\"elementor-widget-container\">\n\t\t\t\t\t\t\t<div class=\"elementor-custom-embed\">\n\t\t\t<div class=\"iframe-container\"><iframe loading=\"lazy\"\n\t\t\t\t\tsrc=\"https:\/\/maps.google.com\/maps?q=Bazn%C4%ABcas%20iela%2042%2C%20Ludza%2C%20LV-5701&#038;t=m&#038;z=15&#038;output=embed&#038;iwloc=near\"\n\t\t\t\t\ttitle=\"Bazn\u012bcas iela 42, Ludza, LV-5701\"\n\t\t\t\t\taria-label=\"Bazn\u012bcas iela 42, Ludza, LV-5701\"\n\t\t\t><\/iframe><\/div>\n\t\t<\/div>\n\t\t\t\t\t\t<\/div>\n\t\t\t\t<\/div>\n\t\t\t\t\t<\/div>\n\t\t<\/div>\n\t\t\t\t\t<\/div>\n\t\t<\/section>\n\t\t\t\t<\/div>\n\t\t","protected":false},"excerpt":{"rendered":"<p>T\u00f6\u00f6aeg Esmasp\u00e4ev &#8211; Reede: 08:00\u201317:00Laup\u00e4ev: puhkep\u00e4evP\u00fchap\u00e4ev: puhkep\u00e4ev Kontaktid Bazn\u012bcas iela 42, Ludza, LV-5701 +371 65707203 +371 29327265 tic@ludzasnovads.lv visitludza.lv ludzas_tic LudzasTIC Teenused Turismiinfo Ludza piirkonna kohta; Turismiinfobro\u0161\u00fc\u00fcrid teiste L\u00e4ti piirkondade &#8230;<\/p>\n","protected":false},"author":2,"featured_media":0,"parent":0,"menu_order":0,"comment_status":"closed","ping_status":"closed","template":"elementor_header_footer","meta":{"inline_featured_image":false,"footnotes":""},"class_list":["post-15343","page","type-page","status-publish","hentry"],"yoast_head":"<!-- This site is optimized with the Yoast SEO plugin v27.4 - https:\/\/yoast.com\/product\/yoast-seo-wordpress\/ -->\n<title>Ludza piirkonna turismiinfokeskus - Visit Ludza<\/title>\n<meta name=\"robots\" content=\"index, follow, max-snippet:-1, max-image-preview:large, max-video-preview:-1\" \/>\n<link rel=\"canonical\" href=\"https:\/\/visitludza.lv\/et\/ludza-piirkonna-turismiinfokeskus\/\" \/>\n<meta property=\"og:locale\" content=\"et_EE\" \/>\n<meta property=\"og:type\" content=\"article\" \/>\n<meta property=\"og:title\" content=\"Ludza piirkonna turismiinfokeskus - Visit Ludza\" \/>\n<meta property=\"og:description\" content=\"T\u00f6\u00f6aeg Esmasp\u00e4ev &#8211; Reede: 08:00\u201317:00Laup\u00e4ev: puhkep\u00e4evP\u00fchap\u00e4ev: puhkep\u00e4ev Kontaktid Bazn\u012bcas iela 42, Ludza, LV-5701 +371 65707203 +371 29327265 tic@ludzasnovads.lv visitludza.lv ludzas_tic LudzasTIC Teenused Turismiinfo Ludza piirkonna kohta; Turismiinfobro\u0161\u00fc\u00fcrid teiste L\u00e4ti piirkondade ...\" \/>\n<meta property=\"og:url\" content=\"https:\/\/visitludza.lv\/et\/ludza-piirkonna-turismiinfokeskus\/\" \/>\n<meta property=\"og:site_name\" content=\"Visit Ludza\" \/>\n<meta property=\"article:modified_time\" content=\"2025-09-02T13:05:28+00:00\" \/>\n<meta property=\"og:image\" content=\"https:\/\/visitludza.lv\/wp-content\/uploads\/2015\/10\/11823149_803672519749527_1767040360292225857_o.jpg\" \/>\n\t<meta property=\"og:image:width\" content=\"1500\" \/>\n\t<meta property=\"og:image:height\" content=\"803\" \/>\n\t<meta property=\"og:image:type\" content=\"image\/jpeg\" \/>\n<meta name=\"twitter:card\" content=\"summary_large_image\" \/>\n<meta name=\"twitter:label1\" content=\"Est. reading time\" \/>\n\t<meta name=\"twitter:data1\" content=\"1 minut\" \/>\n<script type=\"application\/ld+json\" class=\"yoast-schema-graph\">{\"@context\":\"https:\\\/\\\/schema.org\",\"@graph\":[{\"@type\":\"WebPage\",\"@id\":\"https:\\\/\\\/visitludza.lv\\\/et\\\/ludza-piirkonna-turismiinfokeskus\\\/\",\"url\":\"https:\\\/\\\/visitludza.lv\\\/et\\\/ludza-piirkonna-turismiinfokeskus\\\/\",\"name\":\"Ludza piirkonna turismiinfokeskus - Visit Ludza\",\"isPartOf\":{\"@id\":\"https:\\\/\\\/visitludza.lv\\\/et\\\/#website\"},\"primaryImageOfPage\":{\"@id\":\"https:\\\/\\\/visitludza.lv\\\/et\\\/ludza-piirkonna-turismiinfokeskus\\\/#primaryimage\"},\"image\":{\"@id\":\"https:\\\/\\\/visitludza.lv\\\/et\\\/ludza-piirkonna-turismiinfokeskus\\\/#primaryimage\"},\"thumbnailUrl\":\"https:\\\/\\\/visitludza.lv\\\/wp-content\\\/uploads\\\/2025\\\/06\\\/img_4579-1-1536x864.jpg\",\"datePublished\":\"2015-10-02T06:48:23+00:00\",\"dateModified\":\"2025-09-02T13:05:28+00:00\",\"breadcrumb\":{\"@id\":\"https:\\\/\\\/visitludza.lv\\\/et\\\/ludza-piirkonna-turismiinfokeskus\\\/#breadcrumb\"},\"inLanguage\":\"et\",\"potentialAction\":[{\"@type\":\"ReadAction\",\"target\":[\"https:\\\/\\\/visitludza.lv\\\/et\\\/ludza-piirkonna-turismiinfokeskus\\\/\"]}]},{\"@type\":\"ImageObject\",\"inLanguage\":\"et\",\"@id\":\"https:\\\/\\\/visitludza.lv\\\/et\\\/ludza-piirkonna-turismiinfokeskus\\\/#primaryimage\",\"url\":\"https:\\\/\\\/visitludza.lv\\\/wp-content\\\/uploads\\\/2025\\\/06\\\/img_4579-1-1536x864.jpg\",\"contentUrl\":\"https:\\\/\\\/visitludza.lv\\\/wp-content\\\/uploads\\\/2025\\\/06\\\/img_4579-1-1536x864.jpg\"},{\"@type\":\"BreadcrumbList\",\"@id\":\"https:\\\/\\\/visitludza.lv\\\/et\\\/ludza-piirkonna-turismiinfokeskus\\\/#breadcrumb\",\"itemListElement\":[{\"@type\":\"ListItem\",\"position\":1,\"name\":\"S\u0101kums\",\"item\":\"https:\\\/\\\/visitludza.lv\\\/et\\\/\"},{\"@type\":\"ListItem\",\"position\":2,\"name\":\"Ludza piirkonna turismiinfokeskus\"}]},{\"@type\":\"WebSite\",\"@id\":\"https:\\\/\\\/visitludza.lv\\\/et\\\/#website\",\"url\":\"https:\\\/\\\/visitludza.lv\\\/et\\\/\",\"name\":\"Visit Ludza\",\"description\":\"Ludzas novada t\u016brisma port\u0101ls\",\"potentialAction\":[{\"@type\":\"SearchAction\",\"target\":{\"@type\":\"EntryPoint\",\"urlTemplate\":\"https:\\\/\\\/visitludza.lv\\\/et\\\/?s={search_term_string}\"},\"query-input\":{\"@type\":\"PropertyValueSpecification\",\"valueRequired\":true,\"valueName\":\"search_term_string\"}}],\"inLanguage\":\"et\"}]}<\/script>\n<!-- \/ Yoast SEO plugin. -->","yoast_head_json":{"title":"Ludza piirkonna turismiinfokeskus - Visit Ludza","robots":{"index":"index","follow":"follow","max-snippet":"max-snippet:-1","max-image-preview":"max-image-preview:large","max-video-preview":"max-video-preview:-1"},"canonical":"https:\/\/visitludza.lv\/et\/ludza-piirkonna-turismiinfokeskus\/","og_locale":"et_EE","og_type":"article","og_title":"Ludza piirkonna turismiinfokeskus - Visit Ludza","og_description":"T\u00f6\u00f6aeg Esmasp\u00e4ev &#8211; Reede: 08:00\u201317:00Laup\u00e4ev: puhkep\u00e4evP\u00fchap\u00e4ev: puhkep\u00e4ev Kontaktid Bazn\u012bcas iela 42, Ludza, LV-5701 +371 65707203 +371 29327265 tic@ludzasnovads.lv visitludza.lv ludzas_tic LudzasTIC Teenused Turismiinfo Ludza piirkonna kohta; Turismiinfobro\u0161\u00fc\u00fcrid teiste L\u00e4ti piirkondade ...","og_url":"https:\/\/visitludza.lv\/et\/ludza-piirkonna-turismiinfokeskus\/","og_site_name":"Visit Ludza","article_modified_time":"2025-09-02T13:05:28+00:00","og_image":[{"width":1500,"height":803,"url":"https:\/\/visitludza.lv\/wp-content\/uploads\/2015\/10\/11823149_803672519749527_1767040360292225857_o.jpg","type":"image\/jpeg"}],"twitter_card":"summary_large_image","twitter_misc":{"Est. reading time":"1 minut"},"schema":{"@context":"https:\/\/schema.org","@graph":[{"@type":"WebPage","@id":"https:\/\/visitludza.lv\/et\/ludza-piirkonna-turismiinfokeskus\/","url":"https:\/\/visitludza.lv\/et\/ludza-piirkonna-turismiinfokeskus\/","name":"Ludza piirkonna turismiinfokeskus - Visit Ludza","isPartOf":{"@id":"https:\/\/visitludza.lv\/et\/#website"},"primaryImageOfPage":{"@id":"https:\/\/visitludza.lv\/et\/ludza-piirkonna-turismiinfokeskus\/#primaryimage"},"image":{"@id":"https:\/\/visitludza.lv\/et\/ludza-piirkonna-turismiinfokeskus\/#primaryimage"},"thumbnailUrl":"https:\/\/visitludza.lv\/wp-content\/uploads\/2025\/06\/img_4579-1-1536x864.jpg","datePublished":"2015-10-02T06:48:23+00:00","dateModified":"2025-09-02T13:05:28+00:00","breadcrumb":{"@id":"https:\/\/visitludza.lv\/et\/ludza-piirkonna-turismiinfokeskus\/#breadcrumb"},"inLanguage":"et","potentialAction":[{"@type":"ReadAction","target":["https:\/\/visitludza.lv\/et\/ludza-piirkonna-turismiinfokeskus\/"]}]},{"@type":"ImageObject","inLanguage":"et","@id":"https:\/\/visitludza.lv\/et\/ludza-piirkonna-turismiinfokeskus\/#primaryimage","url":"https:\/\/visitludza.lv\/wp-content\/uploads\/2025\/06\/img_4579-1-1536x864.jpg","contentUrl":"https:\/\/visitludza.lv\/wp-content\/uploads\/2025\/06\/img_4579-1-1536x864.jpg"},{"@type":"BreadcrumbList","@id":"https:\/\/visitludza.lv\/et\/ludza-piirkonna-turismiinfokeskus\/#breadcrumb","itemListElement":[{"@type":"ListItem","position":1,"name":"S\u0101kums","item":"https:\/\/visitludza.lv\/et\/"},{"@type":"ListItem","position":2,"name":"Ludza piirkonna turismiinfokeskus"}]},{"@type":"WebSite","@id":"https:\/\/visitludza.lv\/et\/#website","url":"https:\/\/visitludza.lv\/et\/","name":"Visit Ludza","description":"Ludzas novada t\u016brisma port\u0101ls","potentialAction":[{"@type":"SearchAction","target":{"@type":"EntryPoint","urlTemplate":"https:\/\/visitludza.lv\/et\/?s={search_term_string}"},"query-input":{"@type":"PropertyValueSpecification","valueRequired":true,"valueName":"search_term_string"}}],"inLanguage":"et"}]}},"_links":{"self":[{"href":"https:\/\/visitludza.lv\/et\/wp-json\/wp\/v2\/pages\/15343","targetHints":{"allow":["GET"]}}],"collection":[{"href":"https:\/\/visitludza.lv\/et\/wp-json\/wp\/v2\/pages"}],"about":[{"href":"https:\/\/visitludza.lv\/et\/wp-json\/wp\/v2\/types\/page"}],"author":[{"embeddable":true,"href":"https:\/\/visitludza.lv\/et\/wp-json\/wp\/v2\/users\/2"}],"replies":[{"embeddable":true,"href":"https:\/\/visitludza.lv\/et\/wp-json\/wp\/v2\/comments?post=15343"}],"version-history":[{"count":0,"href":"https:\/\/visitludza.lv\/et\/wp-json\/wp\/v2\/pages\/15343\/revisions"}],"wp:attachment":[{"href":"https:\/\/visitludza.lv\/et\/wp-json\/wp\/v2\/media?parent=15343"}],"curies":[{"name":"wp","href":"https:\/\/api.w.org\/{rel}","templated":true}]}}