
{"id":4389,"date":"2015-11-05T16:11:23","date_gmt":"2015-11-05T14:11:23","guid":{"rendered":"https:\/\/dev.visitludza.lv\/for-professionals\/"},"modified":"2015-11-05T16:11:23","modified_gmt":"2015-11-05T14:11:23","slug":"for-professionals","status":"publish","type":"page","link":"https:\/\/visitludza.lv\/en\/for-professionals\/","title":{"rendered":"For professionals"},"content":{"rendered":"<p>&nbsp;<\/p>\n<p><strong>Latgales t\u016brisma konference un apm\u0101c\u012bbu kurss, 2016.g.<\/strong><\/p>\n<p><a href=\"http:\/\/visitludza.lv\/wp-content\/uploads\/2016\/10\/1-1.png\">Latgales re\u0123iona t\u016brisma uz\u0146\u0113m\u0113ji papildina zin\u0101\u0161anas un apkopo sezonas rezult\u0101tus<\/a><\/p>\n<p><a href=\"http:\/\/visitludza.lv\/wp-content\/uploads\/2016\/10\/2-1.png\">Latgales t\u016brisma apm\u0101c\u012bbu kurss. M\u0101c\u012bbu programma<\/a><\/p>\n<p><a href=\"http:\/\/visitludza.lv\/wp-content\/uploads\/2016\/10\/3.1.png\">Latgales t\u016brisma konference, 2016.g.<\/a><\/p>\n<p><a href=\"http:\/\/visitludza.lv\/wp-content\/uploads\/2015\/11\/Asociacijas_brauciens_Latgale-UZ\u0145EM\u0112JIEM.doc\">Asoci\u0101cijas brauciens Latgales t\u016brisma uz\u0146\u0113m\u0113jiem<\/a><\/p>\n<p><a href=\"http:\/\/visitludza.lv\/wp-content\/uploads\/2016\/11\/LATGALES-TURISMA-KONFERENCE-2016-relize-1.pdf\">Izskan\u0113ja Latgales t\u016brisma konference, preses rel\u012bze, 05.12.16.<\/a><\/p>\n<p>&nbsp;<\/p>\n<p>Prezent\u0101cijas no 2016. gada Latgales t\u016brisma konferences un apm\u0101c\u012bb\u0101m.<\/p>\n<p><a href=\"http:\/\/visitludza.lv\/wp-content\/uploads\/2016\/11\/Apm\u0101c\u012bbas-Latgal\u0113-19_10_2016_J.Bautra.pdf\">19.10.2016. J.Bautra &#8220;Digit\u0101lais saturs komunik\u0101cij\u0101&#8221;<\/a><\/p>\n<p><a href=\"http:\/\/visitludza.lv\/wp-content\/uploads\/2015\/11\/Turisma_foto_Dagda_2novembis.pdf\">02.11.2016. A.Tolopilo &#8220;Ide\u0101la fotogr\u0101fija t\u016brism\u0101. Pamati.&#8221;<\/a><\/p>\n<p>02.12.2016. <a href=\"http:\/\/visitludza.lv\/wp-content\/uploads\/2015\/11\/Ezerzeme-prezentacija.pptx\">L.Kondr\u0101te &#8220;K\u0101 mums \u0161ogad veic\u0101s Latgal\u0113&#8221;<\/a><\/p>\n<p><a href=\"http:\/\/visitludza.lv\/wp-content\/uploads\/2016\/12\/Latgola_atismis_redziejins_KlepersA_dec2016.pdf\">02.12.2016. Andris Klepers, Dr.geogr. &#8220;Latgale k\u0101 t\u016brisma galam\u0113r\u0137is n\u0101kotn\u0113. Tendences un perspekt\u012bvas.<\/a><\/p>\n<p>02.12.2016. Edgars un Veronika Tab\u016bni &#8220;M\u016bsdienu piepras\u012bjumam atbilsto\u0161i pied\u0101v\u0101jumi pirt\u012b&#8221;, <a href=\"https:\/\/www.youtube.com\/watch?v=WQM60zQtzUs\">Saj\u016bti Latgali raid\u012bjums<\/a><\/p>\n<p>02.12.2016. <a href=\"http:\/\/visitludza.lv\/wp-content\/uploads\/2015\/11\/Ezerzeme-prezentacija.pptx\">Apbalvo\u0161ana<\/a><\/p>\n<p>&nbsp;<\/p>\n<p><strong>Latgales t\u016brisma konference, 2015.g.<\/strong><\/p>\n<p><a href=\"http:\/\/visitludza.lv\/news\/latgales-turisma-konference-kvalitate-latgales-turisma-svarigs-faktors-konkuretspejiga-galamerka-attistiba\/\">Latgales t\u016brisma konference \u201eKvalit\u0101te Latgales t\u016brism\u0101 \u2013 svar\u012bgs faktors konkur\u0113tsp\u0113j\u012bga galam\u0113r\u0137a att\u012bst\u012bb\u0101\u201d. Programma, 26.11.2015.<\/a><\/p>\n<p><a href=\"http:\/\/visitludza.lv\/news\/latgales-turisma-konference-iezime-jaunus-nozares-attistibas-virzienus-un-apbalvo-labakos\/\">Latgales t\u016brisma konference. Preses rel\u012bze.<\/a><\/p>\n<p><a href=\"http:\/\/visitludza.lv\/wp-content\/uploads\/2015\/11\/REZOLUCIJA-Konference-26_11_2015.docx\">REZOLUCIJA Konference 26_11_2015<\/a><\/p>\n<p>&nbsp;<\/p>\n<p>Prezent\u0101cijas no 2015.g. Latgales t\u016brisma konferences un apm\u0101c\u012bb\u0101m.<\/p>\n<p><a href=\"http:\/\/visitludza.lv\/wp-content\/uploads\/2015\/11\/Ezerzeme_L--ga-Kondr--te.pptx\">Ezerzeme_L\u012bga Kondr\u0101te<\/a><\/p>\n<p><a href=\"http:\/\/visitludza.lv\/wp-content\/uploads\/2015\/11\/Fonds_1836.pptx\">Fonds_1836<\/a><\/p>\n<p><a href=\"http:\/\/visitludza.lv\/wp-content\/uploads\/2015\/11\/Kvalitat--va-t--risma-inform--cijas-pasnieg--ana.pptx\">Kvalitat\u012bva t\u016brisma inform\u0101cijas pasnieg\u0161ana<\/a><\/p>\n<p><a href=\"http:\/\/visitludza.lv\/wp-content\/uploads\/2015\/11\/Labsaj--ta-viesm--l--b--_Provejs.pptx\">Labsaj\u016bta viesm\u012bl\u012bb\u0101_Provejs<\/a><\/p>\n<p><a href=\"http:\/\/visitludza.lv\/wp-content\/uploads\/2015\/11\/LPR_Iveta-Ma--ina-Tab--ne.pptx\">LPR_Iveta Ma\u013cina- Tab\u016bne<\/a><\/p>\n<p><a href=\"http:\/\/visitludza.lv\/wp-content\/uploads\/2015\/11\/Nor--des-z--mes_M--ris-Za--aiskalns.pptx\">Nor\u0101des z\u012bmes_M\u0101ris Za\u013caiskalns<\/a><\/p>\n<p><a href=\"http:\/\/visitludza.lv\/wp-content\/uploads\/2015\/11\/Preses-rel--zes-rakst----ana_Kozlovska.pdf\">Preses rel\u012bzes rakst\u012b\u0161ana_Kozlovska<\/a><\/p>\n<p><a href=\"http:\/\/visitludza.lv\/wp-content\/uploads\/2015\/11\/Probl--mas-Latgales-re--iona-t--rism--_Aija-van-der---teina.pptx\">Probl\u0113mas Latgales re\u0123iona t\u016brism\u0101_Aija van der \u0160teina<\/a><\/p>\n<p><a href=\"http:\/\/visitludza.lv\/wp-content\/uploads\/2015\/11\/Rezekne_kopa_Sma--inskis.pptx\">Rezekne_kopa_Sma\u013cinskis<\/a><\/p>\n<p><a href=\"http:\/\/visitludza.lv\/wp-content\/uploads\/2015\/11\/Uz----m--ja-un-klienta-mijiedarb--ba_Rezgale.pptx\">Uz\u0146\u0113m\u0113ja un klienta mijiedarb\u012bba_Rezgale <\/a><\/p>\n<p><a href=\"http:\/\/visitludza.lv\/wp-content\/uploads\/2015\/11\/VARAM.pptx\">VARAM<\/a><\/p>\n<p>&nbsp;<\/p>\n<p>Inovat\u012bv\u0101kais t\u016brisma produkts 2015<\/p>\n<p>(bild\u0113 no kreis\u0101s- L\u012bga Kondr\u0101te, Ludzas novada T\u016brisma inform\u0101cijas centra vad\u012bt\u0101ja, Al\u012bna Gendele, Ludzas novada domes priek\u0161s\u0113d\u0113t\u0101ja)<\/p>\n<p><a href=\"http:\/\/visitludza.lv\/wp-content\/uploads\/2015\/11\/inovativakais-prod-2015.jpg\"><img fetchpriority=\"high\" decoding=\"async\" width=\"300\" height=\"225\" class=\"alignnone size-medium wp-image-4406\" src=\"https:\/\/visitludza.lv\/wp-content\/uploads\/2015\/11\/inovativakais-prod-2015-300x225.jpg\" alt=\"inovativakais-prod-2015\" \/><\/a><\/p>\n","protected":false},"excerpt":{"rendered":"<p>&nbsp; Latgales t\u016brisma konference un apm\u0101c\u012bbu kurss, 2016.g. Latgales re\u0123iona t\u016brisma uz\u0146\u0113m\u0113ji papildina zin\u0101\u0161anas un apkopo sezonas rezult\u0101tus Latgales t\u016brisma apm\u0101c\u012bbu kurss. M\u0101c\u012bbu programma Latgales t\u016brisma konference, 2016.g. Asoci\u0101cijas brauciens &#8230;<\/p>\n","protected":false},"author":3,"featured_media":0,"parent":0,"menu_order":0,"comment_status":"closed","ping_status":"closed","template":"","meta":{"inline_featured_image":false,"footnotes":""},"class_list":["post-4389","page","type-page","status-publish","hentry"],"yoast_head":"<!-- This site is optimized with the Yoast SEO plugin v27.4 - https:\/\/yoast.com\/product\/yoast-seo-wordpress\/ -->\n<title>For professionals - Visit Ludza<\/title>\n<meta name=\"robots\" content=\"index, follow, max-snippet:-1, max-image-preview:large, max-video-preview:-1\" \/>\n<link rel=\"canonical\" href=\"https:\/\/visitludza.lv\/en\/for-professionals\/\" \/>\n<meta property=\"og:locale\" content=\"en_US\" \/>\n<meta property=\"og:type\" content=\"article\" \/>\n<meta property=\"og:title\" content=\"For professionals - Visit Ludza\" \/>\n<meta property=\"og:description\" content=\"&nbsp; Latgales t\u016brisma konference un apm\u0101c\u012bbu kurss, 2016.g. Latgales re\u0123iona t\u016brisma uz\u0146\u0113m\u0113ji papildina zin\u0101\u0161anas un apkopo sezonas rezult\u0101tus Latgales t\u016brisma apm\u0101c\u012bbu kurss. M\u0101c\u012bbu programma Latgales t\u016brisma konference, 2016.g. Asoci\u0101cijas brauciens ...\" \/>\n<meta property=\"og:url\" content=\"https:\/\/visitludza.lv\/en\/for-professionals\/\" \/>\n<meta property=\"og:site_name\" content=\"Visit Ludza\" \/>\n<meta property=\"og:image\" content=\"https:\/\/visitludza.lv\/wp-content\/uploads\/2015\/11\/inovativakais-prod-2015-300x225.jpg\" \/>\n<meta name=\"twitter:card\" content=\"summary_large_image\" \/>\n<meta name=\"twitter:label1\" content=\"Est. reading time\" \/>\n\t<meta name=\"twitter:data1\" content=\"1 minute\" \/>\n<script type=\"application\/ld+json\" class=\"yoast-schema-graph\">{\"@context\":\"https:\\\/\\\/schema.org\",\"@graph\":[{\"@type\":\"WebPage\",\"@id\":\"https:\\\/\\\/visitludza.lv\\\/en\\\/for-professionals\\\/\",\"url\":\"https:\\\/\\\/visitludza.lv\\\/en\\\/for-professionals\\\/\",\"name\":\"For professionals - Visit Ludza\",\"isPartOf\":{\"@id\":\"https:\\\/\\\/visitludza.lv\\\/en\\\/#website\"},\"primaryImageOfPage\":{\"@id\":\"https:\\\/\\\/visitludza.lv\\\/en\\\/for-professionals\\\/#primaryimage\"},\"image\":{\"@id\":\"https:\\\/\\\/visitludza.lv\\\/en\\\/for-professionals\\\/#primaryimage\"},\"thumbnailUrl\":\"https:\\\/\\\/visitludza.lv\\\/wp-content\\\/uploads\\\/2015\\\/11\\\/inovativakais-prod-2015-300x225.jpg\",\"datePublished\":\"2015-11-05T14:11:23+00:00\",\"breadcrumb\":{\"@id\":\"https:\\\/\\\/visitludza.lv\\\/en\\\/for-professionals\\\/#breadcrumb\"},\"inLanguage\":\"en-US\",\"potentialAction\":[{\"@type\":\"ReadAction\",\"target\":[\"https:\\\/\\\/visitludza.lv\\\/en\\\/for-professionals\\\/\"]}]},{\"@type\":\"ImageObject\",\"inLanguage\":\"en-US\",\"@id\":\"https:\\\/\\\/visitludza.lv\\\/en\\\/for-professionals\\\/#primaryimage\",\"url\":\"https:\\\/\\\/visitludza.lv\\\/wp-content\\\/uploads\\\/2015\\\/11\\\/inovativakais-prod-2015-300x225.jpg\",\"contentUrl\":\"https:\\\/\\\/visitludza.lv\\\/wp-content\\\/uploads\\\/2015\\\/11\\\/inovativakais-prod-2015-300x225.jpg\"},{\"@type\":\"BreadcrumbList\",\"@id\":\"https:\\\/\\\/visitludza.lv\\\/en\\\/for-professionals\\\/#breadcrumb\",\"itemListElement\":[{\"@type\":\"ListItem\",\"position\":1,\"name\":\"Home\",\"item\":\"https:\\\/\\\/visitludza.lv\\\/en\\\/\"},{\"@type\":\"ListItem\",\"position\":2,\"name\":\"For professionals\"}]},{\"@type\":\"WebSite\",\"@id\":\"https:\\\/\\\/visitludza.lv\\\/en\\\/#website\",\"url\":\"https:\\\/\\\/visitludza.lv\\\/en\\\/\",\"name\":\"Visit Ludza\",\"description\":\"Ludzas novada t\u016brisma port\u0101ls\",\"potentialAction\":[{\"@type\":\"SearchAction\",\"target\":{\"@type\":\"EntryPoint\",\"urlTemplate\":\"https:\\\/\\\/visitludza.lv\\\/en\\\/?s={search_term_string}\"},\"query-input\":{\"@type\":\"PropertyValueSpecification\",\"valueRequired\":true,\"valueName\":\"search_term_string\"}}],\"inLanguage\":\"en-US\"}]}<\/script>\n<!-- \/ Yoast SEO plugin. -->","yoast_head_json":{"title":"For professionals - Visit Ludza","robots":{"index":"index","follow":"follow","max-snippet":"max-snippet:-1","max-image-preview":"max-image-preview:large","max-video-preview":"max-video-preview:-1"},"canonical":"https:\/\/visitludza.lv\/en\/for-professionals\/","og_locale":"en_US","og_type":"article","og_title":"For professionals - Visit Ludza","og_description":"&nbsp; Latgales t\u016brisma konference un apm\u0101c\u012bbu kurss, 2016.g. Latgales re\u0123iona t\u016brisma uz\u0146\u0113m\u0113ji papildina zin\u0101\u0161anas un apkopo sezonas rezult\u0101tus Latgales t\u016brisma apm\u0101c\u012bbu kurss. M\u0101c\u012bbu programma Latgales t\u016brisma konference, 2016.g. Asoci\u0101cijas brauciens ...","og_url":"https:\/\/visitludza.lv\/en\/for-professionals\/","og_site_name":"Visit Ludza","og_image":[{"url":"https:\/\/visitludza.lv\/wp-content\/uploads\/2015\/11\/inovativakais-prod-2015-300x225.jpg","type":"","width":"","height":""}],"twitter_card":"summary_large_image","twitter_misc":{"Est. reading time":"1 minute"},"schema":{"@context":"https:\/\/schema.org","@graph":[{"@type":"WebPage","@id":"https:\/\/visitludza.lv\/en\/for-professionals\/","url":"https:\/\/visitludza.lv\/en\/for-professionals\/","name":"For professionals - Visit Ludza","isPartOf":{"@id":"https:\/\/visitludza.lv\/en\/#website"},"primaryImageOfPage":{"@id":"https:\/\/visitludza.lv\/en\/for-professionals\/#primaryimage"},"image":{"@id":"https:\/\/visitludza.lv\/en\/for-professionals\/#primaryimage"},"thumbnailUrl":"https:\/\/visitludza.lv\/wp-content\/uploads\/2015\/11\/inovativakais-prod-2015-300x225.jpg","datePublished":"2015-11-05T14:11:23+00:00","breadcrumb":{"@id":"https:\/\/visitludza.lv\/en\/for-professionals\/#breadcrumb"},"inLanguage":"en-US","potentialAction":[{"@type":"ReadAction","target":["https:\/\/visitludza.lv\/en\/for-professionals\/"]}]},{"@type":"ImageObject","inLanguage":"en-US","@id":"https:\/\/visitludza.lv\/en\/for-professionals\/#primaryimage","url":"https:\/\/visitludza.lv\/wp-content\/uploads\/2015\/11\/inovativakais-prod-2015-300x225.jpg","contentUrl":"https:\/\/visitludza.lv\/wp-content\/uploads\/2015\/11\/inovativakais-prod-2015-300x225.jpg"},{"@type":"BreadcrumbList","@id":"https:\/\/visitludza.lv\/en\/for-professionals\/#breadcrumb","itemListElement":[{"@type":"ListItem","position":1,"name":"Home","item":"https:\/\/visitludza.lv\/en\/"},{"@type":"ListItem","position":2,"name":"For professionals"}]},{"@type":"WebSite","@id":"https:\/\/visitludza.lv\/en\/#website","url":"https:\/\/visitludza.lv\/en\/","name":"Visit Ludza","description":"Ludzas novada t\u016brisma port\u0101ls","potentialAction":[{"@type":"SearchAction","target":{"@type":"EntryPoint","urlTemplate":"https:\/\/visitludza.lv\/en\/?s={search_term_string}"},"query-input":{"@type":"PropertyValueSpecification","valueRequired":true,"valueName":"search_term_string"}}],"inLanguage":"en-US"}]}},"_links":{"self":[{"href":"https:\/\/visitludza.lv\/en\/wp-json\/wp\/v2\/pages\/4389","targetHints":{"allow":["GET"]}}],"collection":[{"href":"https:\/\/visitludza.lv\/en\/wp-json\/wp\/v2\/pages"}],"about":[{"href":"https:\/\/visitludza.lv\/en\/wp-json\/wp\/v2\/types\/page"}],"author":[{"embeddable":true,"href":"https:\/\/visitludza.lv\/en\/wp-json\/wp\/v2\/users\/3"}],"replies":[{"embeddable":true,"href":"https:\/\/visitludza.lv\/en\/wp-json\/wp\/v2\/comments?post=4389"}],"version-history":[{"count":0,"href":"https:\/\/visitludza.lv\/en\/wp-json\/wp\/v2\/pages\/4389\/revisions"}],"wp:attachment":[{"href":"https:\/\/visitludza.lv\/en\/wp-json\/wp\/v2\/media?parent=4389"}],"curies":[{"name":"wp","href":"https:\/\/api.w.org\/{rel}","templated":true}]}}